{"id":991503,"date":"2023-03-07T19:15:09","date_gmt":"2023-03-07T16:15:09","guid":{"rendered":"https:\/\/buyukcekmeceakademi.k12.tr\/life-at-akademi\/science-festival\/"},"modified":"2025-10-24T00:46:11","modified_gmt":"2025-10-23T21:46:11","slug":"science-festival","status":"publish","type":"page","link":"https:\/\/buyukcekmeceakademi.k12.tr\/en\/life-at-akademi\/science-festival\/","title":{"rendered":"Science Festival"},"content":{"rendered":"\t\t<div data-elementor-type=\"wp-page\" data-elementor-id=\"991503\" class=\"elementor elementor-991503 elementor-989697\">\n\t\t\t\t\t\t<div class=\"elementor-inner\">\n\t\t\t\t<div class=\"elementor-section-wrap\">\n\t\t\t\t\t\t\t\t\t<section class=\"elementor-section elementor-top-section elementor-element elementor-element-3c40c12 elementor-section-height-min-height elementor-section-boxed elementor-section-height-default elementor-section-items-middle\" data-id=\"3c40c12\" data-element_type=\"section\" data-settings=\"{&quot;background_background&quot;:&quot;classic&quot;,&quot;animation&quot;:&quot;none&quot;}\">\n\t\t\t\t\t\t\t<div class=\"elementor-background-overlay\"><\/div>\n\t\t\t\t\t\t\t<div class=\"elementor-container elementor-column-gap-default\">\n\t\t\t\t\t\t\t<div class=\"elementor-row\">\n\t\t\t\t\t<div class=\"elementor-column elementor-col-100 elementor-top-column elementor-element elementor-element-1bb13b64\" data-id=\"1bb13b64\" data-element_type=\"column\" data-settings=\"{&quot;background_background&quot;:&quot;classic&quot;}\">\n\t\t\t<div class=\"elementor-column-wrap\">\n\t\t\t\t\t\t\t<div class=\"elementor-widget-wrap\">\n\t\t\t\t\t\t\t\t<\/div>\n\t\t\t\t\t<\/div>\n\t\t<\/div>\n\t\t\t\t\t\t\t\t<\/div>\n\t\t\t\t\t<\/div>\n\t\t<\/section>\n\t\t\t\t<section class=\"elementor-section elementor-top-section elementor-element elementor-element-38fedf7 elementor-section-boxed elementor-section-height-default elementor-section-height-default\" data-id=\"38fedf7\" data-element_type=\"section\">\n\t\t\t\t\t\t<div class=\"elementor-container elementor-column-gap-default\">\n\t\t\t\t\t\t\t<div class=\"elementor-row\">\n\t\t\t\t\t<div class=\"elementor-column elementor-col-100 elementor-top-column elementor-element elementor-element-23db0c6\" data-id=\"23db0c6\" data-element_type=\"column\">\n\t\t\t<div class=\"elementor-column-wrap elementor-element-populated\">\n\t\t\t\t\t\t\t<div class=\"elementor-widget-wrap\">\n\t\t\t\t\t\t<div class=\"elementor-element elementor-element-433a7ce elementor-widget__width-inherit elementor-hidden-tablet elementor-hidden-mobile elementor-widget elementor-widget-heading\" data-id=\"433a7ce\" data-element_type=\"widget\" data-widget_type=\"heading.default\">\n\t\t\t\t<div class=\"elementor-widget-container\">\n\t\t\t<h1 class=\"elementor-heading-title elementor-size-default\">Science Festival<\/h1>\t\t<\/div>\n\t\t\t\t<\/div>\n\t\t\t\t<div class=\"elementor-element elementor-element-c78e384 elementor-widget__width-inherit elementor-hidden-desktop elementor-widget elementor-widget-heading\" data-id=\"c78e384\" data-element_type=\"widget\" data-widget_type=\"heading.default\">\n\t\t\t\t<div class=\"elementor-widget-container\">\n\t\t\t<h1 class=\"elementor-heading-title elementor-size-default\">Science Festival<\/h1>\t\t<\/div>\n\t\t\t\t<\/div>\n\t\t\t\t<div class=\"elementor-element elementor-element-a25a9b7 elementor-widget elementor-widget-text-editor\" data-id=\"a25a9b7\" data-element_type=\"widget\" data-settings=\"{&quot;_animation&quot;:&quot;none&quot;,&quot;_animation_delay&quot;:300,&quot;_animation_tablet&quot;:&quot;none&quot;,&quot;_animation_mobile&quot;:&quot;none&quot;}\" data-widget_type=\"text-editor.default\">\n\t\t\t\t<div class=\"elementor-widget-container\">\n\t\t\t\t\t\t\t\t<div class=\"elementor-text-editor elementor-clearfix\">\n\t\t\t\t<p><span style=\"font-weight: 400;\">Our school organizes an annual Science Festival as an extension of the lessons, practices, and experiments conducted throughout the year.<\/span><\/p><p><span style=\"font-weight: 400;\">At the beginning of each academic year, subject groups decide on the date of the festival. The festival is held during the second semester, usually in the week of May 19th, Atat\u00fcrk Memorial, Youth and Sports Day.<\/span><\/p><p><span style=\"font-weight: 400;\">For the one-day festival, booths are set up in the school\u2019s amphitheater, laboratories, and computer classrooms, where experiments are prepared.<\/span><\/p><p><span style=\"font-weight: 400;\">During the festival, students demonstrate the experiments and activities they have conducted throughout the academic year.<\/span><\/p><p><span style=\"font-weight: 400;\">Responsible students gather to plan and divide tasks among themselves, while subject teachers act only as guides.<\/span><\/p><p><span style=\"font-weight: 400;\">Some experiments are selected as demonstration experiments. All necessary safety measures are carefully taken for potentially hazardous experiments to ensure the safety of both students and spectators.<\/span><\/p>\t\t\t\t\t<\/div>\n\t\t\t\t\t\t<\/div>\n\t\t\t\t<\/div>\n\t\t\t\t<div class=\"elementor-element elementor-element-caae926 elementor-widget elementor-widget-gallery\" data-id=\"caae926\" data-element_type=\"widget\" data-settings=\"{&quot;image_hover_animation&quot;:&quot;move-contained-top&quot;,&quot;lazyload&quot;:&quot;yes&quot;,&quot;gallery_layout&quot;:&quot;grid&quot;,&quot;columns&quot;:4,&quot;columns_tablet&quot;:2,&quot;columns_mobile&quot;:1,&quot;gap&quot;:{&quot;unit&quot;:&quot;px&quot;,&quot;size&quot;:10,&quot;sizes&quot;:[]},&quot;gap_tablet&quot;:{&quot;unit&quot;:&quot;px&quot;,&quot;size&quot;:10,&quot;sizes&quot;:[]},&quot;gap_mobile&quot;:{&quot;unit&quot;:&quot;px&quot;,&quot;size&quot;:10,&quot;sizes&quot;:[]},&quot;link_to&quot;:&quot;file&quot;,&quot;aspect_ratio&quot;:&quot;3:2&quot;,&quot;overlay_background&quot;:&quot;yes&quot;,&quot;content_hover_animation&quot;:&quot;fade-in&quot;}\" data-widget_type=\"gallery.default\">\n\t\t\t\t<div class=\"elementor-widget-container\">\n\t\t\t\t\t<div class=\"elementor-gallery__container\">\n\t\t\t\t\t\t\t<a class=\"e-gallery-item elementor-gallery-item elementor-animated-content\" href=\"https:\/\/buyukcekmeceakademi.k12.tr\/wp-content\/uploads\/2023\/03\/60597134_2325682250785821_5898388036248403968_n.jpg\" data-elementor-open-lightbox=\"yes\" data-elementor-lightbox-slideshow=\"all-caae926\" data-elementor-lightbox-title=\"60597134_2325682250785821_5898388036248403968_n\" data-e-action-hash=\"#elementor-action%3Aaction%3Dlightbox%26settings%3DeyJpZCI6OTkxNTA0LCJ1cmwiOiJodHRwczpcL1wvYnV5dWtjZWttZWNlYWthZGVtaS5rMTIudHJcL3dwLWNvbnRlbnRcL3VwbG9hZHNcLzIwMjNcLzAzXC82MDU5NzEzNF8yMzI1NjgyMjUwNzg1ODIxXzU4OTgzODgwMzYyNDg0MDM5Njhfbi5qcGciLCJzbGlkZXNob3ciOiJhbGwtY2FhZTkyNiJ9\">\n\t\t\t\t\t<div class=\"e-gallery-image elementor-gallery-item__image\" data-thumbnail=\"https:\/\/buyukcekmeceakademi.k12.tr\/wp-content\/uploads\/2023\/03\/60597134_2325682250785821_5898388036248403968_n.jpg\" data-width=\"1870\" data-height=\"1250\" alt=\"\" ><\/div>\n\t\t\t\t\t\t\t\t\t\t\t<div class=\"elementor-gallery-item__overlay\"><\/div>\n\t\t\t\t\t\t\t\t\t\t\t\t\t\t<\/a>\n\t\t\t\t\t\t\t<a class=\"e-gallery-item elementor-gallery-item elementor-animated-content\" href=\"https:\/\/buyukcekmeceakademi.k12.tr\/wp-content\/uploads\/2023\/03\/280689750_5260176464003037_4075057065182942035_n.jpg\" data-elementor-open-lightbox=\"yes\" data-elementor-lightbox-slideshow=\"all-caae926\" data-elementor-lightbox-title=\"280689750_5260176464003037_4075057065182942035_n\" data-e-action-hash=\"#elementor-action%3Aaction%3Dlightbox%26settings%3DeyJpZCI6OTkxNTA1LCJ1cmwiOiJodHRwczpcL1wvYnV5dWtjZWttZWNlYWthZGVtaS5rMTIudHJcL3dwLWNvbnRlbnRcL3VwbG9hZHNcLzIwMjNcLzAzXC8yODA2ODk3NTBfNTI2MDE3NjQ2NDAwMzAzN180MDc1MDU3MDY1MTgyOTQyMDM1X24uanBnIiwic2xpZGVzaG93IjoiYWxsLWNhYWU5MjYifQ%3D%3D\">\n\t\t\t\t\t<div class=\"e-gallery-image elementor-gallery-item__image\" data-thumbnail=\"https:\/\/buyukcekmeceakademi.k12.tr\/wp-content\/uploads\/2023\/03\/280689750_5260176464003037_4075057065182942035_n.jpg\" data-width=\"960\" data-height=\"642\" alt=\"\" ><\/div>\n\t\t\t\t\t\t\t\t\t\t\t<div class=\"elementor-gallery-item__overlay\"><\/div>\n\t\t\t\t\t\t\t\t\t\t\t\t\t\t<\/a>\n\t\t\t\t\t\t\t<a class=\"e-gallery-item elementor-gallery-item elementor-animated-content\" href=\"https:\/\/buyukcekmeceakademi.k12.tr\/wp-content\/uploads\/2023\/03\/281879302_5260181897335827_4426497145252501467_n.jpg\" data-elementor-open-lightbox=\"yes\" data-elementor-lightbox-slideshow=\"all-caae926\" data-elementor-lightbox-title=\"281879302_5260181897335827_4426497145252501467_n\" data-e-action-hash=\"#elementor-action%3Aaction%3Dlightbox%26settings%3DeyJpZCI6OTkxNTA2LCJ1cmwiOiJodHRwczpcL1wvYnV5dWtjZWttZWNlYWthZGVtaS5rMTIudHJcL3dwLWNvbnRlbnRcL3VwbG9hZHNcLzIwMjNcLzAzXC8yODE4NzkzMDJfNTI2MDE4MTg5NzMzNTgyN180NDI2NDk3MTQ1MjUyNTAxNDY3X24uanBnIiwic2xpZGVzaG93IjoiYWxsLWNhYWU5MjYifQ%3D%3D\">\n\t\t\t\t\t<div class=\"e-gallery-image elementor-gallery-item__image\" data-thumbnail=\"https:\/\/buyukcekmeceakademi.k12.tr\/wp-content\/uploads\/2023\/03\/281879302_5260181897335827_4426497145252501467_n.jpg\" data-width=\"1069\" data-height=\"1327\" alt=\"\" ><\/div>\n\t\t\t\t\t\t\t\t\t\t\t<div class=\"elementor-gallery-item__overlay\"><\/div>\n\t\t\t\t\t\t\t\t\t\t\t\t\t\t<\/a>\n\t\t\t\t\t\t\t<a class=\"e-gallery-item elementor-gallery-item elementor-animated-content\" href=\"https:\/\/buyukcekmeceakademi.k12.tr\/wp-content\/uploads\/2023\/03\/282047893_5260179674002716_1541687289370066219_n.jpg\" data-elementor-open-lightbox=\"yes\" data-elementor-lightbox-slideshow=\"all-caae926\" data-elementor-lightbox-title=\"282047893_5260179674002716_1541687289370066219_n\" data-e-action-hash=\"#elementor-action%3Aaction%3Dlightbox%26settings%3DeyJpZCI6OTkxNTA3LCJ1cmwiOiJodHRwczpcL1wvYnV5dWtjZWttZWNlYWthZGVtaS5rMTIudHJcL3dwLWNvbnRlbnRcL3VwbG9hZHNcLzIwMjNcLzAzXC8yODIwNDc4OTNfNTI2MDE3OTY3NDAwMjcxNl8xNTQxNjg3Mjg5MzcwMDY2MjE5X24uanBnIiwic2xpZGVzaG93IjoiYWxsLWNhYWU5MjYifQ%3D%3D\">\n\t\t\t\t\t<div class=\"e-gallery-image elementor-gallery-item__image\" data-thumbnail=\"https:\/\/buyukcekmeceakademi.k12.tr\/wp-content\/uploads\/2023\/03\/282047893_5260179674002716_1541687289370066219_n.jpg\" data-width=\"1600\" data-height=\"1069\" alt=\"\" ><\/div>\n\t\t\t\t\t\t\t\t\t\t\t<div class=\"elementor-gallery-item__overlay\"><\/div>\n\t\t\t\t\t\t\t\t\t\t\t\t\t\t<\/a>\n\t\t\t\t\t\t\t<a class=\"e-gallery-item elementor-gallery-item elementor-animated-content\" href=\"https:\/\/buyukcekmeceakademi.k12.tr\/wp-content\/uploads\/2023\/03\/282058435_5260179834002700_5745377295541104650_n.jpg\" data-elementor-open-lightbox=\"yes\" data-elementor-lightbox-slideshow=\"all-caae926\" data-elementor-lightbox-title=\"282058435_5260179834002700_5745377295541104650_n\" data-e-action-hash=\"#elementor-action%3Aaction%3Dlightbox%26settings%3DeyJpZCI6OTkxNTA4LCJ1cmwiOiJodHRwczpcL1wvYnV5dWtjZWttZWNlYWthZGVtaS5rMTIudHJcL3dwLWNvbnRlbnRcL3VwbG9hZHNcLzIwMjNcLzAzXC8yODIwNTg0MzVfNTI2MDE3OTgzNDAwMjcwMF81NzQ1Mzc3Mjk1NTQxMTA0NjUwX24uanBnIiwic2xpZGVzaG93IjoiYWxsLWNhYWU5MjYifQ%3D%3D\">\n\t\t\t\t\t<div class=\"e-gallery-image elementor-gallery-item__image\" data-thumbnail=\"https:\/\/buyukcekmeceakademi.k12.tr\/wp-content\/uploads\/2023\/03\/282058435_5260179834002700_5745377295541104650_n.jpg\" data-width=\"1600\" data-height=\"1069\" alt=\"\" ><\/div>\n\t\t\t\t\t\t\t\t\t\t\t<div class=\"elementor-gallery-item__overlay\"><\/div>\n\t\t\t\t\t\t\t\t\t\t\t\t\t\t<\/a>\n\t\t\t\t\t\t\t<a class=\"e-gallery-item elementor-gallery-item elementor-animated-content\" href=\"https:\/\/buyukcekmeceakademi.k12.tr\/wp-content\/uploads\/2023\/03\/60347243_2325688190785227_4460653055376883712_n.jpg\" data-elementor-open-lightbox=\"yes\" data-elementor-lightbox-slideshow=\"all-caae926\" data-elementor-lightbox-title=\"60347243_2325688190785227_4460653055376883712_n\" data-e-action-hash=\"#elementor-action%3Aaction%3Dlightbox%26settings%3DeyJpZCI6OTkxNTA5LCJ1cmwiOiJodHRwczpcL1wvYnV5dWtjZWttZWNlYWthZGVtaS5rMTIudHJcL3dwLWNvbnRlbnRcL3VwbG9hZHNcLzIwMjNcLzAzXC82MDM0NzI0M18yMzI1Njg4MTkwNzg1MjI3XzQ0NjA2NTMwNTUzNzY4ODM3MTJfbi5qcGciLCJzbGlkZXNob3ciOiJhbGwtY2FhZTkyNiJ9\">\n\t\t\t\t\t<div class=\"e-gallery-image elementor-gallery-item__image\" data-thumbnail=\"https:\/\/buyukcekmeceakademi.k12.tr\/wp-content\/uploads\/2023\/03\/60347243_2325688190785227_4460653055376883712_n.jpg\" data-width=\"612\" data-height=\"1280\" alt=\"\" ><\/div>\n\t\t\t\t\t\t\t\t\t\t\t<div class=\"elementor-gallery-item__overlay\"><\/div>\n\t\t\t\t\t\t\t\t\t\t\t\t\t\t<\/a>\n\t\t\t\t\t\t\t<a class=\"e-gallery-item elementor-gallery-item elementor-animated-content\" href=\"https:\/\/buyukcekmeceakademi.k12.tr\/wp-content\/uploads\/2023\/03\/60358223_2325682377452475_4893009623310663680_n.jpg\" data-elementor-open-lightbox=\"yes\" data-elementor-lightbox-slideshow=\"all-caae926\" data-elementor-lightbox-title=\"60358223_2325682377452475_4893009623310663680_n\" data-e-action-hash=\"#elementor-action%3Aaction%3Dlightbox%26settings%3DeyJpZCI6OTkxNTEwLCJ1cmwiOiJodHRwczpcL1wvYnV5dWtjZWttZWNlYWthZGVtaS5rMTIudHJcL3dwLWNvbnRlbnRcL3VwbG9hZHNcLzIwMjNcLzAzXC82MDM1ODIyM18yMzI1NjgyMzc3NDUyNDc1XzQ4OTMwMDk2MjMzMTA2NjM2ODBfbi5qcGciLCJzbGlkZXNob3ciOiJhbGwtY2FhZTkyNiJ9\">\n\t\t\t\t\t<div class=\"e-gallery-image elementor-gallery-item__image\" data-thumbnail=\"https:\/\/buyukcekmeceakademi.k12.tr\/wp-content\/uploads\/2023\/03\/60358223_2325682377452475_4893009623310663680_n.jpg\" data-width=\"1870\" data-height=\"1250\" alt=\"\" ><\/div>\n\t\t\t\t\t\t\t\t\t\t\t<div class=\"elementor-gallery-item__overlay\"><\/div>\n\t\t\t\t\t\t\t\t\t\t\t\t\t\t<\/a>\n\t\t\t\t\t\t\t<a class=\"e-gallery-item elementor-gallery-item elementor-animated-content\" href=\"https:\/\/buyukcekmeceakademi.k12.tr\/wp-content\/uploads\/2023\/03\/60552298_2325683354119044_243580458783211520_n.jpg\" data-elementor-open-lightbox=\"yes\" data-elementor-lightbox-slideshow=\"all-caae926\" data-elementor-lightbox-title=\"60552298_2325683354119044_243580458783211520_n\" data-e-action-hash=\"#elementor-action%3Aaction%3Dlightbox%26settings%3DeyJpZCI6OTkxNTExLCJ1cmwiOiJodHRwczpcL1wvYnV5dWtjZWttZWNlYWthZGVtaS5rMTIudHJcL3dwLWNvbnRlbnRcL3VwbG9hZHNcLzIwMjNcLzAzXC82MDU1MjI5OF8yMzI1NjgzMzU0MTE5MDQ0XzI0MzU4MDQ1ODc4MzIxMTUyMF9uLmpwZyIsInNsaWRlc2hvdyI6ImFsbC1jYWFlOTI2In0%3D\">\n\t\t\t\t\t<div class=\"e-gallery-image elementor-gallery-item__image\" data-thumbnail=\"https:\/\/buyukcekmeceakademi.k12.tr\/wp-content\/uploads\/2023\/03\/60552298_2325683354119044_243580458783211520_n.jpg\" data-width=\"1870\" data-height=\"1250\" alt=\"\" ><\/div>\n\t\t\t\t\t\t\t\t\t\t\t<div class=\"elementor-gallery-item__overlay\"><\/div>\n\t\t\t\t\t\t\t\t\t\t\t\t\t\t<\/a>\n\t\t\t\t\t\t\t<a class=\"e-gallery-item elementor-gallery-item elementor-animated-content\" href=\"https:\/\/buyukcekmeceakademi.k12.tr\/wp-content\/uploads\/2023\/03\/60596921_2325687604118619_740534743598104576_n.jpg\" data-elementor-open-lightbox=\"yes\" data-elementor-lightbox-slideshow=\"all-caae926\" data-elementor-lightbox-title=\"60596921_2325687604118619_740534743598104576_n\" data-e-action-hash=\"#elementor-action%3Aaction%3Dlightbox%26settings%3DeyJpZCI6OTkxNTEyLCJ1cmwiOiJodHRwczpcL1wvYnV5dWtjZWttZWNlYWthZGVtaS5rMTIudHJcL3dwLWNvbnRlbnRcL3VwbG9hZHNcLzIwMjNcLzAzXC82MDU5NjkyMV8yMzI1Njg3NjA0MTE4NjE5Xzc0MDUzNDc0MzU5ODEwNDU3Nl9uLmpwZyIsInNsaWRlc2hvdyI6ImFsbC1jYWFlOTI2In0%3D\">\n\t\t\t\t\t<div class=\"e-gallery-image elementor-gallery-item__image\" data-thumbnail=\"https:\/\/buyukcekmeceakademi.k12.tr\/wp-content\/uploads\/2023\/03\/60596921_2325687604118619_740534743598104576_n.jpg\" data-width=\"612\" data-height=\"1280\" alt=\"\" ><\/div>\n\t\t\t\t\t\t\t\t\t\t\t<div class=\"elementor-gallery-item__overlay\"><\/div>\n\t\t\t\t\t\t\t\t\t\t\t\t\t\t<\/a>\n\t\t\t\t\t\t\t<a class=\"e-gallery-item elementor-gallery-item elementor-animated-content\" href=\"https:\/\/buyukcekmeceakademi.k12.tr\/wp-content\/uploads\/2025\/07\/DSC_0048.jpg\" data-elementor-open-lightbox=\"yes\" data-elementor-lightbox-slideshow=\"all-caae926\" data-elementor-lightbox-title=\"DSC_0048\" data-e-action-hash=\"#elementor-action%3Aaction%3Dlightbox%26settings%3DeyJpZCI6OTkxNTEzLCJ1cmwiOiJodHRwczpcL1wvYnV5dWtjZWttZWNlYWthZGVtaS5rMTIudHJcL3dwLWNvbnRlbnRcL3VwbG9hZHNcLzIwMjVcLzA3XC9EU0NfMDA0OC5qcGciLCJzbGlkZXNob3ciOiJhbGwtY2FhZTkyNiJ9\">\n\t\t\t\t\t<div class=\"e-gallery-image elementor-gallery-item__image\" data-thumbnail=\"https:\/\/buyukcekmeceakademi.k12.tr\/wp-content\/uploads\/2025\/07\/DSC_0048.jpg\" data-width=\"1200\" data-height=\"803\" alt=\"\" ><\/div>\n\t\t\t\t\t\t\t\t\t\t\t<div class=\"elementor-gallery-item__overlay\"><\/div>\n\t\t\t\t\t\t\t\t\t\t\t\t\t\t<\/a>\n\t\t\t\t\t<\/div>\n\t\t\t<\/div>\n\t\t\t\t<\/div>\n\t\t\t\t\t\t<\/div>\n\t\t\t\t\t<\/div>\n\t\t<\/div>\n\t\t\t\t\t\t\t\t<\/div>\n\t\t\t\t\t<\/div>\n\t\t<\/section>\n\t\t\t\t<section class=\"elementor-section elementor-top-section elementor-element elementor-element-cd22106 elementor-section-boxed elementor-section-height-default elementor-section-height-default\" data-id=\"cd22106\" data-element_type=\"section\" data-settings=\"{&quot;background_background&quot;:&quot;classic&quot;}\">\n\t\t\t\t\t\t<div class=\"elementor-container elementor-column-gap-default\">\n\t\t\t\t\t\t\t<div class=\"elementor-row\">\n\t\t\t\t\t<div class=\"elementor-column elementor-col-100 elementor-top-column elementor-element elementor-element-08b93dd elementor-invisible\" data-id=\"08b93dd\" data-element_type=\"column\" data-settings=\"{&quot;animation&quot;:&quot;fadeIn&quot;,&quot;animation_tablet&quot;:&quot;none&quot;,&quot;animation_mobile&quot;:&quot;none&quot;,&quot;animation_delay&quot;:200}\">\n\t\t\t<div class=\"elementor-column-wrap\">\n\t\t\t\t\t\t\t<div class=\"elementor-widget-wrap\">\n\t\t\t\t\t\t\t\t<\/div>\n\t\t\t\t\t<\/div>\n\t\t<\/div>\n\t\t\t\t\t\t\t\t<\/div>\n\t\t\t\t\t<\/div>\n\t\t<\/section>\n\t\t\t\t\t\t\t\t\t<\/div>\n\t\t\t<\/div>\n\t\t\t\t\t<\/div>\n\t\t","protected":false},"excerpt":{"rendered":"<p>Science Festival Science Festival Our school organizes an annual Science Festival as an extension of the lessons, practices, and experiments conducted throughout the year. At the beginning of each academic year, subject groups decide on the date of the festival. The festival is held during the second semester, usually in the week of May 19th,&#8230;<\/p>\n","protected":false},"author":1,"featured_media":0,"parent":991371,"menu_order":0,"comment_status":"closed","ping_status":"closed","template":"","meta":{"footnotes":""},"class_list":["post-991503","page","type-page","status-publish","hentry"],"yoast_head":"<!-- This site is optimized with the Yoast SEO plugin v26.4 - https:\/\/yoast.com\/wordpress\/plugins\/seo\/ -->\n<title>Science Festival - Akademi Koleji<\/title>\n<meta name=\"robots\" content=\"index, follow, max-snippet:-1, max-image-preview:large, max-video-preview:-1\" \/>\n<link rel=\"canonical\" href=\"https:\/\/buyukcekmeceakademi.k12.tr\/en\/life-at-akademi\/science-festival\/\" \/>\n<meta property=\"og:locale\" content=\"en_US\" \/>\n<meta property=\"og:type\" content=\"article\" \/>\n<meta property=\"og:title\" content=\"Science Festival - Akademi Koleji\" \/>\n<meta property=\"og:description\" content=\"Science Festival Science Festival Our school organizes an annual Science Festival as an extension of the lessons, practices, and experiments conducted throughout the year. At the beginning of each academic year, subject groups decide on the date of the festival. The festival is held during the second semester, usually in the week of May 19th,...\" \/>\n<meta property=\"og:url\" content=\"https:\/\/buyukcekmeceakademi.k12.tr\/en\/life-at-akademi\/science-festival\/\" \/>\n<meta property=\"og:site_name\" content=\"Akademi Koleji\" \/>\n<meta property=\"article:publisher\" content=\"https:\/\/www.facebook.com\/akademikolej\/\" \/>\n<meta property=\"article:modified_time\" content=\"2025-10-23T21:46:11+00:00\" \/>\n<meta name=\"twitter:card\" content=\"summary_large_image\" \/>\n<meta name=\"twitter:label1\" content=\"Est. reading time\" \/>\n\t<meta name=\"twitter:data1\" content=\"1 minute\" \/>\n<script type=\"application\/ld+json\" class=\"yoast-schema-graph\">{\"@context\":\"https:\/\/schema.org\",\"@graph\":[{\"@type\":\"WebPage\",\"@id\":\"https:\/\/buyukcekmeceakademi.k12.tr\/en\/life-at-akademi\/science-festival\/\",\"url\":\"https:\/\/buyukcekmeceakademi.k12.tr\/en\/life-at-akademi\/science-festival\/\",\"name\":\"Science Festival - Akademi Koleji\",\"isPartOf\":{\"@id\":\"https:\/\/buyukcekmeceakademi.k12.tr\/en\/#website\"},\"datePublished\":\"2023-03-07T16:15:09+00:00\",\"dateModified\":\"2025-10-23T21:46:11+00:00\",\"breadcrumb\":{\"@id\":\"https:\/\/buyukcekmeceakademi.k12.tr\/en\/life-at-akademi\/science-festival\/#breadcrumb\"},\"inLanguage\":\"en-US\",\"potentialAction\":[{\"@type\":\"ReadAction\",\"target\":[\"https:\/\/buyukcekmeceakademi.k12.tr\/en\/life-at-akademi\/science-festival\/\"]}]},{\"@type\":\"BreadcrumbList\",\"@id\":\"https:\/\/buyukcekmeceakademi.k12.tr\/en\/life-at-akademi\/science-festival\/#breadcrumb\",\"itemListElement\":[{\"@type\":\"ListItem\",\"position\":1,\"name\":\"Home\",\"item\":\"https:\/\/buyukcekmeceakademi.k12.tr\/en\/\"},{\"@type\":\"ListItem\",\"position\":2,\"name\":\"Life at Akademi\",\"item\":\"https:\/\/buyukcekmeceakademi.k12.tr\/en\/life-at-akademi\/\"},{\"@type\":\"ListItem\",\"position\":3,\"name\":\"Science Festival\"}]},{\"@type\":\"WebSite\",\"@id\":\"https:\/\/buyukcekmeceakademi.k12.tr\/en\/#website\",\"url\":\"https:\/\/buyukcekmeceakademi.k12.tr\/en\/\",\"name\":\"Akademi Koleji\",\"description\":\"B\u00fcy\u00fck\u00e7ekmece Akademi \u00d6zel Okullar\u0131\",\"publisher\":{\"@id\":\"https:\/\/buyukcekmeceakademi.k12.tr\/en\/#organization\"},\"potentialAction\":[{\"@type\":\"SearchAction\",\"target\":{\"@type\":\"EntryPoint\",\"urlTemplate\":\"https:\/\/buyukcekmeceakademi.k12.tr\/en\/?s={search_term_string}\"},\"query-input\":{\"@type\":\"PropertyValueSpecification\",\"valueRequired\":true,\"valueName\":\"search_term_string\"}}],\"inLanguage\":\"en-US\"},{\"@type\":\"Organization\",\"@id\":\"https:\/\/buyukcekmeceakademi.k12.tr\/en\/#organization\",\"name\":\"Akademi Koleji\",\"url\":\"https:\/\/buyukcekmeceakademi.k12.tr\/en\/\",\"logo\":{\"@type\":\"ImageObject\",\"inLanguage\":\"en-US\",\"@id\":\"https:\/\/buyukcekmeceakademi.k12.tr\/en\/#\/schema\/logo\/image\/\",\"url\":\"https:\/\/buyukcekmeceakademi.k12.tr\/wp-content\/uploads\/2020\/02\/logo-1.png\",\"contentUrl\":\"https:\/\/buyukcekmeceakademi.k12.tr\/wp-content\/uploads\/2020\/02\/logo-1.png\",\"width\":1757,\"height\":553,\"caption\":\"Akademi Koleji\"},\"image\":{\"@id\":\"https:\/\/buyukcekmeceakademi.k12.tr\/en\/#\/schema\/logo\/image\/\"},\"sameAs\":[\"https:\/\/www.facebook.com\/akademikolej\/\",\"https:\/\/instagram.com\/buyukcekmeceakademiozelokullar\"]}]}<\/script>\n<!-- \/ Yoast SEO plugin. -->","yoast_head_json":{"title":"Science Festival - Akademi Koleji","robots":{"index":"index","follow":"follow","max-snippet":"max-snippet:-1","max-image-preview":"max-image-preview:large","max-video-preview":"max-video-preview:-1"},"canonical":"https:\/\/buyukcekmeceakademi.k12.tr\/en\/life-at-akademi\/science-festival\/","og_locale":"en_US","og_type":"article","og_title":"Science Festival - Akademi Koleji","og_description":"Science Festival Science Festival Our school organizes an annual Science Festival as an extension of the lessons, practices, and experiments conducted throughout the year. At the beginning of each academic year, subject groups decide on the date of the festival. The festival is held during the second semester, usually in the week of May 19th,...","og_url":"https:\/\/buyukcekmeceakademi.k12.tr\/en\/life-at-akademi\/science-festival\/","og_site_name":"Akademi Koleji","article_publisher":"https:\/\/www.facebook.com\/akademikolej\/","article_modified_time":"2025-10-23T21:46:11+00:00","twitter_card":"summary_large_image","twitter_misc":{"Est. reading time":"1 minute"},"schema":{"@context":"https:\/\/schema.org","@graph":[{"@type":"WebPage","@id":"https:\/\/buyukcekmeceakademi.k12.tr\/en\/life-at-akademi\/science-festival\/","url":"https:\/\/buyukcekmeceakademi.k12.tr\/en\/life-at-akademi\/science-festival\/","name":"Science Festival - Akademi Koleji","isPartOf":{"@id":"https:\/\/buyukcekmeceakademi.k12.tr\/en\/#website"},"datePublished":"2023-03-07T16:15:09+00:00","dateModified":"2025-10-23T21:46:11+00:00","breadcrumb":{"@id":"https:\/\/buyukcekmeceakademi.k12.tr\/en\/life-at-akademi\/science-festival\/#breadcrumb"},"inLanguage":"en-US","potentialAction":[{"@type":"ReadAction","target":["https:\/\/buyukcekmeceakademi.k12.tr\/en\/life-at-akademi\/science-festival\/"]}]},{"@type":"BreadcrumbList","@id":"https:\/\/buyukcekmeceakademi.k12.tr\/en\/life-at-akademi\/science-festival\/#breadcrumb","itemListElement":[{"@type":"ListItem","position":1,"name":"Home","item":"https:\/\/buyukcekmeceakademi.k12.tr\/en\/"},{"@type":"ListItem","position":2,"name":"Life at Akademi","item":"https:\/\/buyukcekmeceakademi.k12.tr\/en\/life-at-akademi\/"},{"@type":"ListItem","position":3,"name":"Science Festival"}]},{"@type":"WebSite","@id":"https:\/\/buyukcekmeceakademi.k12.tr\/en\/#website","url":"https:\/\/buyukcekmeceakademi.k12.tr\/en\/","name":"Akademi Koleji","description":"B\u00fcy\u00fck\u00e7ekmece Akademi \u00d6zel Okullar\u0131","publisher":{"@id":"https:\/\/buyukcekmeceakademi.k12.tr\/en\/#organization"},"potentialAction":[{"@type":"SearchAction","target":{"@type":"EntryPoint","urlTemplate":"https:\/\/buyukcekmeceakademi.k12.tr\/en\/?s={search_term_string}"},"query-input":{"@type":"PropertyValueSpecification","valueRequired":true,"valueName":"search_term_string"}}],"inLanguage":"en-US"},{"@type":"Organization","@id":"https:\/\/buyukcekmeceakademi.k12.tr\/en\/#organization","name":"Akademi Koleji","url":"https:\/\/buyukcekmeceakademi.k12.tr\/en\/","logo":{"@type":"ImageObject","inLanguage":"en-US","@id":"https:\/\/buyukcekmeceakademi.k12.tr\/en\/#\/schema\/logo\/image\/","url":"https:\/\/buyukcekmeceakademi.k12.tr\/wp-content\/uploads\/2020\/02\/logo-1.png","contentUrl":"https:\/\/buyukcekmeceakademi.k12.tr\/wp-content\/uploads\/2020\/02\/logo-1.png","width":1757,"height":553,"caption":"Akademi Koleji"},"image":{"@id":"https:\/\/buyukcekmeceakademi.k12.tr\/en\/#\/schema\/logo\/image\/"},"sameAs":["https:\/\/www.facebook.com\/akademikolej\/","https:\/\/instagram.com\/buyukcekmeceakademiozelokullar"]}]}},"_links":{"self":[{"href":"https:\/\/buyukcekmeceakademi.k12.tr\/en\/wp-json\/wp\/v2\/pages\/991503","targetHints":{"allow":["GET"]}}],"collection":[{"href":"https:\/\/buyukcekmeceakademi.k12.tr\/en\/wp-json\/wp\/v2\/pages"}],"about":[{"href":"https:\/\/buyukcekmeceakademi.k12.tr\/en\/wp-json\/wp\/v2\/types\/page"}],"author":[{"embeddable":true,"href":"https:\/\/buyukcekmeceakademi.k12.tr\/en\/wp-json\/wp\/v2\/users\/1"}],"replies":[{"embeddable":true,"href":"https:\/\/buyukcekmeceakademi.k12.tr\/en\/wp-json\/wp\/v2\/comments?post=991503"}],"version-history":[{"count":4,"href":"https:\/\/buyukcekmeceakademi.k12.tr\/en\/wp-json\/wp\/v2\/pages\/991503\/revisions"}],"predecessor-version":[{"id":992402,"href":"https:\/\/buyukcekmeceakademi.k12.tr\/en\/wp-json\/wp\/v2\/pages\/991503\/revisions\/992402"}],"up":[{"embeddable":true,"href":"https:\/\/buyukcekmeceakademi.k12.tr\/en\/wp-json\/wp\/v2\/pages\/991371"}],"wp:attachment":[{"href":"https:\/\/buyukcekmeceakademi.k12.tr\/en\/wp-json\/wp\/v2\/media?parent=991503"}],"curies":[{"name":"wp","href":"https:\/\/api.w.org\/{rel}","templated":true}]}}