{"id":991428,"date":"2023-03-02T18:07:01","date_gmt":"2023-03-02T15:07:01","guid":{"rendered":"https:\/\/buyukcekmeceakademi.k12.tr\/life-at-akademi\/book-festivals\/"},"modified":"2025-10-08T05:41:36","modified_gmt":"2025-10-08T02:41:36","slug":"book-festivals","status":"publish","type":"page","link":"https:\/\/buyukcekmeceakademi.k12.tr\/en\/life-at-akademi\/book-festivals\/","title":{"rendered":"Book Festivals"},"content":{"rendered":"\t\t<div data-elementor-type=\"wp-page\" data-elementor-id=\"991428\" class=\"elementor elementor-991428 elementor-989281\">\n\t\t\t\t\t\t<div class=\"elementor-inner\">\n\t\t\t\t<div class=\"elementor-section-wrap\">\n\t\t\t\t\t\t\t\t\t<section class=\"elementor-section elementor-top-section elementor-element elementor-element-3c40c12 elementor-section-height-min-height elementor-section-boxed elementor-section-height-default elementor-section-items-middle\" data-id=\"3c40c12\" data-element_type=\"section\" data-settings=\"{&quot;background_background&quot;:&quot;classic&quot;,&quot;animation&quot;:&quot;none&quot;}\">\n\t\t\t\t\t\t\t<div class=\"elementor-background-overlay\"><\/div>\n\t\t\t\t\t\t\t<div class=\"elementor-container elementor-column-gap-default\">\n\t\t\t\t\t\t\t<div class=\"elementor-row\">\n\t\t\t\t\t<div class=\"elementor-column elementor-col-100 elementor-top-column elementor-element elementor-element-1bb13b64\" data-id=\"1bb13b64\" data-element_type=\"column\" data-settings=\"{&quot;background_background&quot;:&quot;classic&quot;}\">\n\t\t\t<div class=\"elementor-column-wrap\">\n\t\t\t\t\t\t\t<div class=\"elementor-widget-wrap\">\n\t\t\t\t\t\t\t\t<\/div>\n\t\t\t\t\t<\/div>\n\t\t<\/div>\n\t\t\t\t\t\t\t\t<\/div>\n\t\t\t\t\t<\/div>\n\t\t<\/section>\n\t\t\t\t<section class=\"elementor-section elementor-top-section elementor-element elementor-element-38fedf7 elementor-section-boxed elementor-section-height-default elementor-section-height-default\" data-id=\"38fedf7\" data-element_type=\"section\">\n\t\t\t\t\t\t<div class=\"elementor-container elementor-column-gap-default\">\n\t\t\t\t\t\t\t<div class=\"elementor-row\">\n\t\t\t\t\t<div class=\"elementor-column elementor-col-100 elementor-top-column elementor-element elementor-element-23db0c6\" data-id=\"23db0c6\" data-element_type=\"column\">\n\t\t\t<div class=\"elementor-column-wrap elementor-element-populated\">\n\t\t\t\t\t\t\t<div class=\"elementor-widget-wrap\">\n\t\t\t\t\t\t<div class=\"elementor-element elementor-element-433a7ce elementor-widget__width-inherit elementor-hidden-tablet elementor-hidden-mobile elementor-widget elementor-widget-heading\" data-id=\"433a7ce\" data-element_type=\"widget\" data-widget_type=\"heading.default\">\n\t\t\t\t<div class=\"elementor-widget-container\">\n\t\t\t<h1 class=\"elementor-heading-title elementor-size-default\">Book Festivals<\/h1>\t\t<\/div>\n\t\t\t\t<\/div>\n\t\t\t\t<div class=\"elementor-element elementor-element-a25a9b7 elementor-widget elementor-widget-text-editor\" data-id=\"a25a9b7\" data-element_type=\"widget\" data-settings=\"{&quot;_animation&quot;:&quot;none&quot;,&quot;_animation_delay&quot;:300,&quot;_animation_tablet&quot;:&quot;none&quot;,&quot;_animation_mobile&quot;:&quot;none&quot;}\" data-widget_type=\"text-editor.default\">\n\t\t\t\t<div class=\"elementor-widget-container\">\n\t\t\t\t\t\t\t\t<div class=\"elementor-text-editor elementor-clearfix\">\n\t\t\t\t<div class=\"s6\"><span class=\"s5\">\u2022 <\/span>Our school organizes a book festival every year as an extension of the Read Book-Review activity.<\/div><div class=\"s6\"><span class=\"s5\">\u2022 <\/span>Departments determine the date of this festival at the beginning of the academic year. The festival takes place in the second semester, usually in April.<\/div><div class=\"s6\"><span class=\"s5\">\u2022 <\/span>The festival lasts at least two days and at most four days.<\/div><div class=\"s6\"><span class=\"s5\">\u2022 <\/span>Festival posters are hung in specific areas of the school; the festival is also announced on the school&#8217;s website.<\/div><div class=\"s6\"><span class=\"s5\">\u2022 <\/span>Tents are set up in the school&#8217;s ceremony area for the festival. Publishers set up their stands in this area.<\/div><div class=\"s6\"><span class=\"s5\">\u2022 <\/span>Parents are also invited to the festival.<\/div><div class=\"s6\"><span class=\"s5\">\u2022 <\/span>During the festival, books taught during the academic year are presented by students. Presentations are held in the conference hall or pocket cinema. Other classes, teachers, parents, and the author of the presented book (if possible) are invited to these presentations.<\/div><div class=\"s6\"><span class=\"s5\">\u2022 <\/span>One class period is allocated for each grade level&#8217;s book presentation. Classes in the same grade level do not make separate book presentations; students from different classes in the same grade level are selected for one book&#8217;s presentation.<\/div><div class=\"s6\"><span class=\"s5\">\u2022 <\/span>Students selected for book presentations gather among themselves, make plans and divide tasks. Subject teachers only guide the students.<\/div><div class=\"s6\"><span class=\"s5\">\u2022 <\/span>If the selected book is suitable, dramatization activities can also be performed during book presentations.<\/div><div class=\"s6\"><span class=\"s5\">\u2022 <\/span>In the book review section, subject teachers are more active and our teachers provide guidance. Our parents and teachers who come as guests can also participate in this question-and-answer format section.<\/div>\t\t\t\t\t<\/div>\n\t\t\t\t\t\t<\/div>\n\t\t\t\t<\/div>\n\t\t\t\t<div class=\"elementor-element elementor-element-753453f elementor-widget__width-inherit elementor-hidden-desktop elementor-widget elementor-widget-heading\" data-id=\"753453f\" data-element_type=\"widget\" data-widget_type=\"heading.default\">\n\t\t\t\t<div class=\"elementor-widget-container\">\n\t\t\t<h1 class=\"elementor-heading-title elementor-size-default\">Book Festivals<\/h1>\t\t<\/div>\n\t\t\t\t<\/div>\n\t\t\t\t<div class=\"elementor-element elementor-element-caae926 elementor-widget elementor-widget-gallery\" data-id=\"caae926\" data-element_type=\"widget\" data-settings=\"{&quot;image_hover_animation&quot;:&quot;move-contained-top&quot;,&quot;lazyload&quot;:&quot;yes&quot;,&quot;gallery_layout&quot;:&quot;grid&quot;,&quot;columns&quot;:4,&quot;columns_tablet&quot;:2,&quot;columns_mobile&quot;:1,&quot;gap&quot;:{&quot;unit&quot;:&quot;px&quot;,&quot;size&quot;:10,&quot;sizes&quot;:[]},&quot;gap_tablet&quot;:{&quot;unit&quot;:&quot;px&quot;,&quot;size&quot;:10,&quot;sizes&quot;:[]},&quot;gap_mobile&quot;:{&quot;unit&quot;:&quot;px&quot;,&quot;size&quot;:10,&quot;sizes&quot;:[]},&quot;link_to&quot;:&quot;file&quot;,&quot;aspect_ratio&quot;:&quot;3:2&quot;,&quot;overlay_background&quot;:&quot;yes&quot;,&quot;content_hover_animation&quot;:&quot;fade-in&quot;}\" data-widget_type=\"gallery.default\">\n\t\t\t\t<div class=\"elementor-widget-container\">\n\t\t\t\t\t<div class=\"elementor-gallery__container\">\n\t\t\t\t\t\t\t<a class=\"e-gallery-item elementor-gallery-item elementor-animated-content\" href=\"https:\/\/buyukcekmeceakademi.k12.tr\/wp-content\/uploads\/2023\/03\/12794889_1085939548093437_4154817829937571460_o-1.jpg\" data-elementor-open-lightbox=\"yes\" data-elementor-lightbox-slideshow=\"all-caae926\" data-elementor-lightbox-title=\"12794889_1085939548093437_4154817829937571460_o\" data-e-action-hash=\"#elementor-action%3Aaction%3Dlightbox%26settings%3DeyJpZCI6OTkxNDI5LCJ1cmwiOiJodHRwczpcL1wvYnV5dWtjZWttZWNlYWthZGVtaS5rMTIudHJcL3dwLWNvbnRlbnRcL3VwbG9hZHNcLzIwMjNcLzAzXC8xMjc5NDg4OV8xMDg1OTM5NTQ4MDkzNDM3XzQxNTQ4MTc4Mjk5Mzc1NzE0NjBfby0xLmpwZyIsInNsaWRlc2hvdyI6ImFsbC1jYWFlOTI2In0%3D\">\n\t\t\t\t\t<div class=\"e-gallery-image elementor-gallery-item__image\" data-thumbnail=\"https:\/\/buyukcekmeceakademi.k12.tr\/wp-content\/uploads\/2023\/03\/12794889_1085939548093437_4154817829937571460_o-1.jpg\" data-width=\"968\" data-height=\"648\" alt=\"\" ><\/div>\n\t\t\t\t\t\t\t\t\t\t\t<div class=\"elementor-gallery-item__overlay\"><\/div>\n\t\t\t\t\t\t\t\t\t\t\t\t\t\t<\/a>\n\t\t\t\t\t\t\t<a class=\"e-gallery-item elementor-gallery-item elementor-animated-content\" href=\"https:\/\/buyukcekmeceakademi.k12.tr\/wp-content\/uploads\/2023\/03\/12898360_1085939568093435_605618168469022931_o-1.jpg\" data-elementor-open-lightbox=\"yes\" data-elementor-lightbox-slideshow=\"all-caae926\" data-elementor-lightbox-title=\"12898360_1085939568093435_605618168469022931_o\" data-e-action-hash=\"#elementor-action%3Aaction%3Dlightbox%26settings%3DeyJpZCI6OTkxNDMwLCJ1cmwiOiJodHRwczpcL1wvYnV5dWtjZWttZWNlYWthZGVtaS5rMTIudHJcL3dwLWNvbnRlbnRcL3VwbG9hZHNcLzIwMjNcLzAzXC8xMjg5ODM2MF8xMDg1OTM5NTY4MDkzNDM1XzYwNTYxODE2ODQ2OTAyMjkzMV9vLTEuanBnIiwic2xpZGVzaG93IjoiYWxsLWNhYWU5MjYifQ%3D%3D\">\n\t\t\t\t\t<div class=\"e-gallery-image elementor-gallery-item__image\" data-thumbnail=\"https:\/\/buyukcekmeceakademi.k12.tr\/wp-content\/uploads\/2023\/03\/12898360_1085939568093435_605618168469022931_o-1.jpg\" data-width=\"968\" data-height=\"648\" alt=\"\" ><\/div>\n\t\t\t\t\t\t\t\t\t\t\t<div class=\"elementor-gallery-item__overlay\"><\/div>\n\t\t\t\t\t\t\t\t\t\t\t\t\t\t<\/a>\n\t\t\t\t\t\t\t<a class=\"e-gallery-item elementor-gallery-item elementor-animated-content\" href=\"https:\/\/buyukcekmeceakademi.k12.tr\/wp-content\/uploads\/2023\/03\/17991612_1412796458741076_2282246005360185807_o-1.jpg\" data-elementor-open-lightbox=\"yes\" data-elementor-lightbox-slideshow=\"all-caae926\" data-elementor-lightbox-title=\"17991612_1412796458741076_2282246005360185807_o\" data-e-action-hash=\"#elementor-action%3Aaction%3Dlightbox%26settings%3DeyJpZCI6OTkxNDMxLCJ1cmwiOiJodHRwczpcL1wvYnV5dWtjZWttZWNlYWthZGVtaS5rMTIudHJcL3dwLWNvbnRlbnRcL3VwbG9hZHNcLzIwMjNcLzAzXC8xNzk5MTYxMl8xNDEyNzk2NDU4NzQxMDc2XzIyODIyNDYwMDUzNjAxODU4MDdfby0xLmpwZyIsInNsaWRlc2hvdyI6ImFsbC1jYWFlOTI2In0%3D\">\n\t\t\t\t\t<div class=\"e-gallery-image elementor-gallery-item__image\" data-thumbnail=\"https:\/\/buyukcekmeceakademi.k12.tr\/wp-content\/uploads\/2023\/03\/17991612_1412796458741076_2282246005360185807_o-1.jpg\" data-width=\"968\" data-height=\"648\" alt=\"\" ><\/div>\n\t\t\t\t\t\t\t\t\t\t\t<div class=\"elementor-gallery-item__overlay\"><\/div>\n\t\t\t\t\t\t\t\t\t\t\t\t\t\t<\/a>\n\t\t\t\t\t\t\t<a class=\"e-gallery-item elementor-gallery-item elementor-animated-content\" href=\"https:\/\/buyukcekmeceakademi.k12.tr\/wp-content\/uploads\/2023\/03\/18055961_1412796188741103_7359260033652935765_o-1.jpg\" data-elementor-open-lightbox=\"yes\" data-elementor-lightbox-slideshow=\"all-caae926\" data-elementor-lightbox-title=\"18055961_1412796188741103_7359260033652935765_o\" data-e-action-hash=\"#elementor-action%3Aaction%3Dlightbox%26settings%3DeyJpZCI6OTkxNDMyLCJ1cmwiOiJodHRwczpcL1wvYnV5dWtjZWttZWNlYWthZGVtaS5rMTIudHJcL3dwLWNvbnRlbnRcL3VwbG9hZHNcLzIwMjNcLzAzXC8xODA1NTk2MV8xNDEyNzk2MTg4NzQxMTAzXzczNTkyNjAwMzM2NTI5MzU3NjVfby0xLmpwZyIsInNsaWRlc2hvdyI6ImFsbC1jYWFlOTI2In0%3D\">\n\t\t\t\t\t<div class=\"e-gallery-image elementor-gallery-item__image\" data-thumbnail=\"https:\/\/buyukcekmeceakademi.k12.tr\/wp-content\/uploads\/2023\/03\/18055961_1412796188741103_7359260033652935765_o-1.jpg\" data-width=\"968\" data-height=\"648\" alt=\"\" ><\/div>\n\t\t\t\t\t\t\t\t\t\t\t<div class=\"elementor-gallery-item__overlay\"><\/div>\n\t\t\t\t\t\t\t\t\t\t\t\t\t\t<\/a>\n\t\t\t\t\t\t\t<a class=\"e-gallery-item elementor-gallery-item elementor-animated-content\" href=\"https:\/\/buyukcekmeceakademi.k12.tr\/wp-content\/uploads\/2023\/03\/30052504_1774223909264994_1522730740636553591_o-1.jpg\" data-elementor-open-lightbox=\"yes\" data-elementor-lightbox-slideshow=\"all-caae926\" data-elementor-lightbox-title=\"30052504_1774223909264994_1522730740636553591_o\" data-e-action-hash=\"#elementor-action%3Aaction%3Dlightbox%26settings%3DeyJpZCI6OTkxNDMzLCJ1cmwiOiJodHRwczpcL1wvYnV5dWtjZWttZWNlYWthZGVtaS5rMTIudHJcL3dwLWNvbnRlbnRcL3VwbG9hZHNcLzIwMjNcLzAzXC8zMDA1MjUwNF8xNzc0MjIzOTA5MjY0OTk0XzE1MjI3MzA3NDA2MzY1NTM1OTFfby0xLmpwZyIsInNsaWRlc2hvdyI6ImFsbC1jYWFlOTI2In0%3D\">\n\t\t\t\t\t<div class=\"e-gallery-image elementor-gallery-item__image\" data-thumbnail=\"https:\/\/buyukcekmeceakademi.k12.tr\/wp-content\/uploads\/2023\/03\/30052504_1774223909264994_1522730740636553591_o-1.jpg\" data-width=\"1500\" data-height=\"1000\" alt=\"\" ><\/div>\n\t\t\t\t\t\t\t\t\t\t\t<div class=\"elementor-gallery-item__overlay\"><\/div>\n\t\t\t\t\t\t\t\t\t\t\t\t\t\t<\/a>\n\t\t\t\t\t\t\t<a class=\"e-gallery-item elementor-gallery-item elementor-animated-content\" href=\"https:\/\/buyukcekmeceakademi.k12.tr\/wp-content\/uploads\/2023\/03\/58461983_2286256911395022_4734005510196428800_n-1.jpg\" data-elementor-open-lightbox=\"yes\" data-elementor-lightbox-slideshow=\"all-caae926\" data-elementor-lightbox-title=\"58461983_2286256911395022_4734005510196428800_n\" data-e-action-hash=\"#elementor-action%3Aaction%3Dlightbox%26settings%3DeyJpZCI6OTkxNDM0LCJ1cmwiOiJodHRwczpcL1wvYnV5dWtjZWttZWNlYWthZGVtaS5rMTIudHJcL3dwLWNvbnRlbnRcL3VwbG9hZHNcLzIwMjNcLzAzXC81ODQ2MTk4M18yMjg2MjU2OTExMzk1MDIyXzQ3MzQwMDU1MTAxOTY0Mjg4MDBfbi0xLmpwZyIsInNsaWRlc2hvdyI6ImFsbC1jYWFlOTI2In0%3D\">\n\t\t\t\t\t<div class=\"e-gallery-image elementor-gallery-item__image\" data-thumbnail=\"https:\/\/buyukcekmeceakademi.k12.tr\/wp-content\/uploads\/2023\/03\/58461983_2286256911395022_4734005510196428800_n-1.jpg\" data-width=\"1936\" data-height=\"1296\" alt=\"\" ><\/div>\n\t\t\t\t\t\t\t\t\t\t\t<div class=\"elementor-gallery-item__overlay\"><\/div>\n\t\t\t\t\t\t\t\t\t\t\t\t\t\t<\/a>\n\t\t\t\t\t<\/div>\n\t\t\t<\/div>\n\t\t\t\t<\/div>\n\t\t\t\t\t\t<\/div>\n\t\t\t\t\t<\/div>\n\t\t<\/div>\n\t\t\t\t\t\t\t\t<\/div>\n\t\t\t\t\t<\/div>\n\t\t<\/section>\n\t\t\t\t<section class=\"elementor-section elementor-top-section elementor-element elementor-element-cd22106 elementor-section-boxed elementor-section-height-default elementor-section-height-default\" data-id=\"cd22106\" data-element_type=\"section\" data-settings=\"{&quot;background_background&quot;:&quot;classic&quot;}\">\n\t\t\t\t\t\t<div class=\"elementor-container elementor-column-gap-default\">\n\t\t\t\t\t\t\t<div class=\"elementor-row\">\n\t\t\t\t\t<div class=\"elementor-column elementor-col-100 elementor-top-column elementor-element elementor-element-08b93dd elementor-invisible\" data-id=\"08b93dd\" data-element_type=\"column\" data-settings=\"{&quot;animation&quot;:&quot;fadeIn&quot;,&quot;animation_tablet&quot;:&quot;none&quot;,&quot;animation_mobile&quot;:&quot;none&quot;,&quot;animation_delay&quot;:200}\">\n\t\t\t<div class=\"elementor-column-wrap\">\n\t\t\t\t\t\t\t<div class=\"elementor-widget-wrap\">\n\t\t\t\t\t\t\t\t<\/div>\n\t\t\t\t\t<\/div>\n\t\t<\/div>\n\t\t\t\t\t\t\t\t<\/div>\n\t\t\t\t\t<\/div>\n\t\t<\/section>\n\t\t\t\t\t\t\t\t\t<\/div>\n\t\t\t<\/div>\n\t\t\t\t\t<\/div>\n\t\t","protected":false},"excerpt":{"rendered":"<p>Book Festivals \u2022 Our school organizes a book festival every year as an extension of the Read Book-Review activity.\u2022 Departments determine the date of this festival at the beginning of the academic year. The festival takes place in the second semester, usually in April.\u2022 The festival lasts at least two days and at most four&#8230;<\/p>\n","protected":false},"author":1,"featured_media":0,"parent":991371,"menu_order":0,"comment_status":"closed","ping_status":"closed","template":"","meta":{"footnotes":""},"class_list":["post-991428","page","type-page","status-publish","hentry"],"yoast_head":"<!-- This site is optimized with the Yoast SEO plugin v26.4 - https:\/\/yoast.com\/wordpress\/plugins\/seo\/ -->\n<title>Book Festivals - Akademi Koleji<\/title>\n<meta name=\"robots\" content=\"index, follow, max-snippet:-1, max-image-preview:large, max-video-preview:-1\" \/>\n<link rel=\"canonical\" href=\"https:\/\/buyukcekmeceakademi.k12.tr\/en\/life-at-akademi\/book-festivals\/\" \/>\n<meta property=\"og:locale\" content=\"en_US\" \/>\n<meta property=\"og:type\" content=\"article\" \/>\n<meta property=\"og:title\" content=\"Book Festivals - Akademi Koleji\" \/>\n<meta property=\"og:description\" content=\"Book Festivals \u2022 Our school organizes a book festival every year as an extension of the Read Book-Review activity.\u2022 Departments determine the date of this festival at the beginning of the academic year. The festival takes place in the second semester, usually in April.\u2022 The festival lasts at least two days and at most four...\" \/>\n<meta property=\"og:url\" content=\"https:\/\/buyukcekmeceakademi.k12.tr\/en\/life-at-akademi\/book-festivals\/\" \/>\n<meta property=\"og:site_name\" content=\"Akademi Koleji\" \/>\n<meta property=\"article:publisher\" content=\"https:\/\/www.facebook.com\/akademikolej\/\" \/>\n<meta property=\"article:modified_time\" content=\"2025-10-08T02:41:36+00:00\" \/>\n<meta name=\"twitter:card\" content=\"summary_large_image\" \/>\n<meta name=\"twitter:label1\" content=\"Est. reading time\" \/>\n\t<meta name=\"twitter:data1\" content=\"1 minute\" \/>\n<script type=\"application\/ld+json\" class=\"yoast-schema-graph\">{\"@context\":\"https:\/\/schema.org\",\"@graph\":[{\"@type\":\"WebPage\",\"@id\":\"https:\/\/buyukcekmeceakademi.k12.tr\/en\/life-at-akademi\/book-festivals\/\",\"url\":\"https:\/\/buyukcekmeceakademi.k12.tr\/en\/life-at-akademi\/book-festivals\/\",\"name\":\"Book Festivals - Akademi Koleji\",\"isPartOf\":{\"@id\":\"https:\/\/buyukcekmeceakademi.k12.tr\/en\/#website\"},\"datePublished\":\"2023-03-02T15:07:01+00:00\",\"dateModified\":\"2025-10-08T02:41:36+00:00\",\"breadcrumb\":{\"@id\":\"https:\/\/buyukcekmeceakademi.k12.tr\/en\/life-at-akademi\/book-festivals\/#breadcrumb\"},\"inLanguage\":\"en-US\",\"potentialAction\":[{\"@type\":\"ReadAction\",\"target\":[\"https:\/\/buyukcekmeceakademi.k12.tr\/en\/life-at-akademi\/book-festivals\/\"]}]},{\"@type\":\"BreadcrumbList\",\"@id\":\"https:\/\/buyukcekmeceakademi.k12.tr\/en\/life-at-akademi\/book-festivals\/#breadcrumb\",\"itemListElement\":[{\"@type\":\"ListItem\",\"position\":1,\"name\":\"Home\",\"item\":\"https:\/\/buyukcekmeceakademi.k12.tr\/en\/\"},{\"@type\":\"ListItem\",\"position\":2,\"name\":\"Life at Akademi\",\"item\":\"https:\/\/buyukcekmeceakademi.k12.tr\/en\/life-at-akademi\/\"},{\"@type\":\"ListItem\",\"position\":3,\"name\":\"Book Festivals\"}]},{\"@type\":\"WebSite\",\"@id\":\"https:\/\/buyukcekmeceakademi.k12.tr\/en\/#website\",\"url\":\"https:\/\/buyukcekmeceakademi.k12.tr\/en\/\",\"name\":\"Akademi Koleji\",\"description\":\"B\u00fcy\u00fck\u00e7ekmece Akademi \u00d6zel Okullar\u0131\",\"publisher\":{\"@id\":\"https:\/\/buyukcekmeceakademi.k12.tr\/en\/#organization\"},\"potentialAction\":[{\"@type\":\"SearchAction\",\"target\":{\"@type\":\"EntryPoint\",\"urlTemplate\":\"https:\/\/buyukcekmeceakademi.k12.tr\/en\/?s={search_term_string}\"},\"query-input\":{\"@type\":\"PropertyValueSpecification\",\"valueRequired\":true,\"valueName\":\"search_term_string\"}}],\"inLanguage\":\"en-US\"},{\"@type\":\"Organization\",\"@id\":\"https:\/\/buyukcekmeceakademi.k12.tr\/en\/#organization\",\"name\":\"Akademi Koleji\",\"url\":\"https:\/\/buyukcekmeceakademi.k12.tr\/en\/\",\"logo\":{\"@type\":\"ImageObject\",\"inLanguage\":\"en-US\",\"@id\":\"https:\/\/buyukcekmeceakademi.k12.tr\/en\/#\/schema\/logo\/image\/\",\"url\":\"https:\/\/buyukcekmeceakademi.k12.tr\/wp-content\/uploads\/2020\/02\/logo-1.png\",\"contentUrl\":\"https:\/\/buyukcekmeceakademi.k12.tr\/wp-content\/uploads\/2020\/02\/logo-1.png\",\"width\":1757,\"height\":553,\"caption\":\"Akademi Koleji\"},\"image\":{\"@id\":\"https:\/\/buyukcekmeceakademi.k12.tr\/en\/#\/schema\/logo\/image\/\"},\"sameAs\":[\"https:\/\/www.facebook.com\/akademikolej\/\",\"https:\/\/instagram.com\/buyukcekmeceakademiozelokullar\"]}]}<\/script>\n<!-- \/ Yoast SEO plugin. -->","yoast_head_json":{"title":"Book Festivals - Akademi Koleji","robots":{"index":"index","follow":"follow","max-snippet":"max-snippet:-1","max-image-preview":"max-image-preview:large","max-video-preview":"max-video-preview:-1"},"canonical":"https:\/\/buyukcekmeceakademi.k12.tr\/en\/life-at-akademi\/book-festivals\/","og_locale":"en_US","og_type":"article","og_title":"Book Festivals - Akademi Koleji","og_description":"Book Festivals \u2022 Our school organizes a book festival every year as an extension of the Read Book-Review activity.\u2022 Departments determine the date of this festival at the beginning of the academic year. The festival takes place in the second semester, usually in April.\u2022 The festival lasts at least two days and at most four...","og_url":"https:\/\/buyukcekmeceakademi.k12.tr\/en\/life-at-akademi\/book-festivals\/","og_site_name":"Akademi Koleji","article_publisher":"https:\/\/www.facebook.com\/akademikolej\/","article_modified_time":"2025-10-08T02:41:36+00:00","twitter_card":"summary_large_image","twitter_misc":{"Est. reading time":"1 minute"},"schema":{"@context":"https:\/\/schema.org","@graph":[{"@type":"WebPage","@id":"https:\/\/buyukcekmeceakademi.k12.tr\/en\/life-at-akademi\/book-festivals\/","url":"https:\/\/buyukcekmeceakademi.k12.tr\/en\/life-at-akademi\/book-festivals\/","name":"Book Festivals - Akademi Koleji","isPartOf":{"@id":"https:\/\/buyukcekmeceakademi.k12.tr\/en\/#website"},"datePublished":"2023-03-02T15:07:01+00:00","dateModified":"2025-10-08T02:41:36+00:00","breadcrumb":{"@id":"https:\/\/buyukcekmeceakademi.k12.tr\/en\/life-at-akademi\/book-festivals\/#breadcrumb"},"inLanguage":"en-US","potentialAction":[{"@type":"ReadAction","target":["https:\/\/buyukcekmeceakademi.k12.tr\/en\/life-at-akademi\/book-festivals\/"]}]},{"@type":"BreadcrumbList","@id":"https:\/\/buyukcekmeceakademi.k12.tr\/en\/life-at-akademi\/book-festivals\/#breadcrumb","itemListElement":[{"@type":"ListItem","position":1,"name":"Home","item":"https:\/\/buyukcekmeceakademi.k12.tr\/en\/"},{"@type":"ListItem","position":2,"name":"Life at Akademi","item":"https:\/\/buyukcekmeceakademi.k12.tr\/en\/life-at-akademi\/"},{"@type":"ListItem","position":3,"name":"Book Festivals"}]},{"@type":"WebSite","@id":"https:\/\/buyukcekmeceakademi.k12.tr\/en\/#website","url":"https:\/\/buyukcekmeceakademi.k12.tr\/en\/","name":"Akademi Koleji","description":"B\u00fcy\u00fck\u00e7ekmece Akademi \u00d6zel Okullar\u0131","publisher":{"@id":"https:\/\/buyukcekmeceakademi.k12.tr\/en\/#organization"},"potentialAction":[{"@type":"SearchAction","target":{"@type":"EntryPoint","urlTemplate":"https:\/\/buyukcekmeceakademi.k12.tr\/en\/?s={search_term_string}"},"query-input":{"@type":"PropertyValueSpecification","valueRequired":true,"valueName":"search_term_string"}}],"inLanguage":"en-US"},{"@type":"Organization","@id":"https:\/\/buyukcekmeceakademi.k12.tr\/en\/#organization","name":"Akademi Koleji","url":"https:\/\/buyukcekmeceakademi.k12.tr\/en\/","logo":{"@type":"ImageObject","inLanguage":"en-US","@id":"https:\/\/buyukcekmeceakademi.k12.tr\/en\/#\/schema\/logo\/image\/","url":"https:\/\/buyukcekmeceakademi.k12.tr\/wp-content\/uploads\/2020\/02\/logo-1.png","contentUrl":"https:\/\/buyukcekmeceakademi.k12.tr\/wp-content\/uploads\/2020\/02\/logo-1.png","width":1757,"height":553,"caption":"Akademi Koleji"},"image":{"@id":"https:\/\/buyukcekmeceakademi.k12.tr\/en\/#\/schema\/logo\/image\/"},"sameAs":["https:\/\/www.facebook.com\/akademikolej\/","https:\/\/instagram.com\/buyukcekmeceakademiozelokullar"]}]}},"_links":{"self":[{"href":"https:\/\/buyukcekmeceakademi.k12.tr\/en\/wp-json\/wp\/v2\/pages\/991428","targetHints":{"allow":["GET"]}}],"collection":[{"href":"https:\/\/buyukcekmeceakademi.k12.tr\/en\/wp-json\/wp\/v2\/pages"}],"about":[{"href":"https:\/\/buyukcekmeceakademi.k12.tr\/en\/wp-json\/wp\/v2\/types\/page"}],"author":[{"embeddable":true,"href":"https:\/\/buyukcekmeceakademi.k12.tr\/en\/wp-json\/wp\/v2\/users\/1"}],"replies":[{"embeddable":true,"href":"https:\/\/buyukcekmeceakademi.k12.tr\/en\/wp-json\/wp\/v2\/comments?post=991428"}],"version-history":[{"count":1,"href":"https:\/\/buyukcekmeceakademi.k12.tr\/en\/wp-json\/wp\/v2\/pages\/991428\/revisions"}],"predecessor-version":[{"id":991436,"href":"https:\/\/buyukcekmeceakademi.k12.tr\/en\/wp-json\/wp\/v2\/pages\/991428\/revisions\/991436"}],"up":[{"embeddable":true,"href":"https:\/\/buyukcekmeceakademi.k12.tr\/en\/wp-json\/wp\/v2\/pages\/991371"}],"wp:attachment":[{"href":"https:\/\/buyukcekmeceakademi.k12.tr\/en\/wp-json\/wp\/v2\/media?parent=991428"}],"curies":[{"name":"wp","href":"https:\/\/api.w.org\/{rel}","templated":true}]}}