{"id":991416,"date":"2023-03-02T18:12:12","date_gmt":"2023-03-02T15:12:12","guid":{"rendered":"https:\/\/buyukcekmeceakademi.k12.tr\/life-at-akademi\/visual-arts-activities\/"},"modified":"2025-10-24T00:35:34","modified_gmt":"2025-10-23T21:35:34","slug":"visual-arts-activities","status":"publish","type":"page","link":"https:\/\/buyukcekmeceakademi.k12.tr\/en\/life-at-akademi\/visual-arts-activities\/","title":{"rendered":"Visual Arts Activities"},"content":{"rendered":"\t\t<div data-elementor-type=\"wp-page\" data-elementor-id=\"991416\" class=\"elementor elementor-991416 elementor-989295\">\n\t\t\t\t\t\t<div class=\"elementor-inner\">\n\t\t\t\t<div class=\"elementor-section-wrap\">\n\t\t\t\t\t\t\t\t\t<section class=\"elementor-section elementor-top-section elementor-element elementor-element-3c40c12 elementor-section-height-min-height elementor-section-boxed elementor-section-height-default elementor-section-items-middle\" data-id=\"3c40c12\" data-element_type=\"section\" data-settings=\"{&quot;background_background&quot;:&quot;classic&quot;,&quot;animation&quot;:&quot;none&quot;}\">\n\t\t\t\t\t\t\t<div class=\"elementor-background-overlay\"><\/div>\n\t\t\t\t\t\t\t<div class=\"elementor-container elementor-column-gap-default\">\n\t\t\t\t\t\t\t<div class=\"elementor-row\">\n\t\t\t\t\t<div class=\"elementor-column elementor-col-100 elementor-top-column elementor-element elementor-element-1bb13b64\" data-id=\"1bb13b64\" data-element_type=\"column\" data-settings=\"{&quot;background_background&quot;:&quot;classic&quot;}\">\n\t\t\t<div class=\"elementor-column-wrap\">\n\t\t\t\t\t\t\t<div class=\"elementor-widget-wrap\">\n\t\t\t\t\t\t\t\t<\/div>\n\t\t\t\t\t<\/div>\n\t\t<\/div>\n\t\t\t\t\t\t\t\t<\/div>\n\t\t\t\t\t<\/div>\n\t\t<\/section>\n\t\t\t\t<section class=\"elementor-section elementor-top-section elementor-element elementor-element-38fedf7 elementor-section-boxed elementor-section-height-default elementor-section-height-default\" data-id=\"38fedf7\" data-element_type=\"section\">\n\t\t\t\t\t\t<div class=\"elementor-container elementor-column-gap-default\">\n\t\t\t\t\t\t\t<div class=\"elementor-row\">\n\t\t\t\t\t<div class=\"elementor-column elementor-col-100 elementor-top-column elementor-element elementor-element-23db0c6\" data-id=\"23db0c6\" data-element_type=\"column\">\n\t\t\t<div class=\"elementor-column-wrap elementor-element-populated\">\n\t\t\t\t\t\t\t<div class=\"elementor-widget-wrap\">\n\t\t\t\t\t\t<div class=\"elementor-element elementor-element-433a7ce elementor-widget__width-inherit elementor-hidden-tablet elementor-hidden-mobile elementor-widget elementor-widget-heading\" data-id=\"433a7ce\" data-element_type=\"widget\" data-widget_type=\"heading.default\">\n\t\t\t\t<div class=\"elementor-widget-container\">\n\t\t\t<h1 class=\"elementor-heading-title elementor-size-default\">Visual Arts Activities<\/h1>\t\t<\/div>\n\t\t\t\t<\/div>\n\t\t\t\t<div class=\"elementor-element elementor-element-a25a9b7 elementor-widget elementor-widget-text-editor\" data-id=\"a25a9b7\" data-element_type=\"widget\" data-settings=\"{&quot;_animation&quot;:&quot;none&quot;,&quot;_animation_delay&quot;:300,&quot;_animation_tablet&quot;:&quot;none&quot;,&quot;_animation_mobile&quot;:&quot;none&quot;}\" data-widget_type=\"text-editor.default\">\n\t\t\t\t<div class=\"elementor-widget-container\">\n\t\t\t\t\t\t\t\t<div class=\"elementor-text-editor elementor-clearfix\">\n\t\t\t\t<p><span style=\"font-weight: 400;\">At B\u00fcy\u00fck\u00e7ekmece Akademi Private Schools, the primary goal of visual arts education is to help our students become individuals who appreciate art, can analyze it, understand cultural contexts, and develop habits such as visiting exhibitions, art galleries, historical sites, and museums.<\/span><\/p><p><span style=\"font-weight: 400;\">Another important aim of visual arts education is to cultivate students who are aware of art-related professions and can make career choices based on their interests and talents\u2014while also fostering tolerant, respectful, and peace-oriented individuals who value human rights.<\/span><\/p><p><b>Our visual arts activities include:<\/b><\/p><ul><li style=\"font-weight: 400;\" aria-level=\"1\"><span style=\"font-weight: 400;\">An <\/span><b>end-of-year art exhibition<\/b><span style=\"font-weight: 400;\"> held annually;<\/span><span style=\"font-weight: 400;\"><br \/><\/span><\/li><li style=\"font-weight: 400;\" aria-level=\"1\"><b>Thematic art displays<\/b><span style=\"font-weight: 400;\"> related to national holidays and special days\/weeks;<\/span><span style=\"font-weight: 400;\"><br \/><\/span><\/li><li style=\"font-weight: 400;\" aria-level=\"1\"><span style=\"font-weight: 400;\">Regular exhibitions of students\u2019 artworks on school corridor boards throughout the year.<\/span><span style=\"font-weight: 400;\"><br \/><br \/><\/span><\/li><\/ul><p class=\"s2\"><b>AT B\u00dcY\u00dcK\u00c7EKMECE AKADEM\u0130 PRIVATE SCHOOLS<\/b><b><br \/><\/b> <br \/><span style=\"color: #ff0000;\"><strong><i>\u201cArt is an indispensable form of education.\u201d<\/i><\/strong><\/span><\/p>\t\t\t\t\t<\/div>\n\t\t\t\t\t\t<\/div>\n\t\t\t\t<\/div>\n\t\t\t\t<div class=\"elementor-element elementor-element-f7cd819 elementor-widget__width-inherit elementor-hidden-desktop elementor-widget elementor-widget-heading\" data-id=\"f7cd819\" data-element_type=\"widget\" data-widget_type=\"heading.default\">\n\t\t\t\t<div class=\"elementor-widget-container\">\n\t\t\t<h1 class=\"elementor-heading-title elementor-size-default\">Visual Arts Activities<\/h1>\t\t<\/div>\n\t\t\t\t<\/div>\n\t\t\t\t<div class=\"elementor-element elementor-element-caae926 elementor-widget elementor-widget-gallery\" data-id=\"caae926\" data-element_type=\"widget\" data-settings=\"{&quot;image_hover_animation&quot;:&quot;move-contained-top&quot;,&quot;lazyload&quot;:&quot;yes&quot;,&quot;gallery_layout&quot;:&quot;grid&quot;,&quot;columns&quot;:4,&quot;columns_tablet&quot;:2,&quot;columns_mobile&quot;:1,&quot;gap&quot;:{&quot;unit&quot;:&quot;px&quot;,&quot;size&quot;:10,&quot;sizes&quot;:[]},&quot;gap_tablet&quot;:{&quot;unit&quot;:&quot;px&quot;,&quot;size&quot;:10,&quot;sizes&quot;:[]},&quot;gap_mobile&quot;:{&quot;unit&quot;:&quot;px&quot;,&quot;size&quot;:10,&quot;sizes&quot;:[]},&quot;link_to&quot;:&quot;file&quot;,&quot;aspect_ratio&quot;:&quot;3:2&quot;,&quot;overlay_background&quot;:&quot;yes&quot;,&quot;content_hover_animation&quot;:&quot;fade-in&quot;}\" data-widget_type=\"gallery.default\">\n\t\t\t\t<div class=\"elementor-widget-container\">\n\t\t\t\t\t<div class=\"elementor-gallery__container\">\n\t\t\t\t\t\t\t<a class=\"e-gallery-item elementor-gallery-item elementor-animated-content\" href=\"https:\/\/buyukcekmeceakademi.k12.tr\/wp-content\/uploads\/2023\/03\/13320354_1124479084239483_5690042841511904141_o-1.jpg\" data-elementor-open-lightbox=\"yes\" data-elementor-lightbox-slideshow=\"all-caae926\" data-elementor-lightbox-title=\"13320354_1124479084239483_5690042841511904141_o\" data-e-action-hash=\"#elementor-action%3Aaction%3Dlightbox%26settings%3DeyJpZCI6OTkxNDE3LCJ1cmwiOiJodHRwczpcL1wvYnV5dWtjZWttZWNlYWthZGVtaS5rMTIudHJcL3dwLWNvbnRlbnRcL3VwbG9hZHNcLzIwMjNcLzAzXC8xMzMyMDM1NF8xMTI0NDc5MDg0MjM5NDgzXzU2OTAwNDI4NDE1MTE5MDQxNDFfby0xLmpwZyIsInNsaWRlc2hvdyI6ImFsbC1jYWFlOTI2In0%3D\">\n\t\t\t\t\t<div class=\"e-gallery-image elementor-gallery-item__image\" data-thumbnail=\"https:\/\/buyukcekmeceakademi.k12.tr\/wp-content\/uploads\/2023\/03\/13320354_1124479084239483_5690042841511904141_o-1.jpg\" data-width=\"1500\" data-height=\"1000\" alt=\"\" ><\/div>\n\t\t\t\t\t\t\t\t\t\t\t<div class=\"elementor-gallery-item__overlay\"><\/div>\n\t\t\t\t\t\t\t\t\t\t\t\t\t\t<\/a>\n\t\t\t\t\t\t\t<a class=\"e-gallery-item elementor-gallery-item elementor-animated-content\" href=\"https:\/\/buyukcekmeceakademi.k12.tr\/wp-content\/uploads\/2023\/03\/18738822_1451148981572490_684371142085746156_o-1.jpg\" data-elementor-open-lightbox=\"yes\" data-elementor-lightbox-slideshow=\"all-caae926\" data-elementor-lightbox-title=\"18738822_1451148981572490_684371142085746156_o\" data-e-action-hash=\"#elementor-action%3Aaction%3Dlightbox%26settings%3DeyJpZCI6OTkxNDE4LCJ1cmwiOiJodHRwczpcL1wvYnV5dWtjZWttZWNlYWthZGVtaS5rMTIudHJcL3dwLWNvbnRlbnRcL3VwbG9hZHNcLzIwMjNcLzAzXC8xODczODgyMl8xNDUxMTQ4OTgxNTcyNDkwXzY4NDM3MTE0MjA4NTc0NjE1Nl9vLTEuanBnIiwic2xpZGVzaG93IjoiYWxsLWNhYWU5MjYifQ%3D%3D\">\n\t\t\t\t\t<div class=\"e-gallery-image elementor-gallery-item__image\" data-thumbnail=\"https:\/\/buyukcekmeceakademi.k12.tr\/wp-content\/uploads\/2023\/03\/18738822_1451148981572490_684371142085746156_o-1.jpg\" data-width=\"1500\" data-height=\"1000\" alt=\"\" ><\/div>\n\t\t\t\t\t\t\t\t\t\t\t<div class=\"elementor-gallery-item__overlay\"><\/div>\n\t\t\t\t\t\t\t\t\t\t\t\t\t\t<\/a>\n\t\t\t\t\t\t\t<a class=\"e-gallery-item elementor-gallery-item elementor-animated-content\" href=\"https:\/\/buyukcekmeceakademi.k12.tr\/wp-content\/uploads\/2023\/03\/33524960_1811281228892595_3623501261518667776_n-1.jpg\" data-elementor-open-lightbox=\"yes\" data-elementor-lightbox-slideshow=\"all-caae926\" data-elementor-lightbox-title=\"33524960_1811281228892595_3623501261518667776_n\" data-e-action-hash=\"#elementor-action%3Aaction%3Dlightbox%26settings%3DeyJpZCI6OTkxNDE5LCJ1cmwiOiJodHRwczpcL1wvYnV5dWtjZWttZWNlYWthZGVtaS5rMTIudHJcL3dwLWNvbnRlbnRcL3VwbG9hZHNcLzIwMjNcLzAzXC8zMzUyNDk2MF8xODExMjgxMjI4ODkyNTk1XzM2MjM1MDEyNjE1MTg2Njc3NzZfbi0xLmpwZyIsInNsaWRlc2hvdyI6ImFsbC1jYWFlOTI2In0%3D\">\n\t\t\t\t\t<div class=\"e-gallery-image elementor-gallery-item__image\" data-thumbnail=\"https:\/\/buyukcekmeceakademi.k12.tr\/wp-content\/uploads\/2023\/03\/33524960_1811281228892595_3623501261518667776_n-1.jpg\" data-width=\"1500\" data-height=\"1000\" alt=\"\" ><\/div>\n\t\t\t\t\t\t\t\t\t\t\t<div class=\"elementor-gallery-item__overlay\"><\/div>\n\t\t\t\t\t\t\t\t\t\t\t\t\t\t<\/a>\n\t\t\t\t\t\t\t<a class=\"e-gallery-item elementor-gallery-item elementor-animated-content\" href=\"https:\/\/buyukcekmeceakademi.k12.tr\/wp-content\/uploads\/2023\/03\/33540462_1811281412225910_4916537552942399488_n-1.jpg\" data-elementor-open-lightbox=\"yes\" data-elementor-lightbox-slideshow=\"all-caae926\" data-elementor-lightbox-title=\"33540462_1811281412225910_4916537552942399488_n\" data-e-action-hash=\"#elementor-action%3Aaction%3Dlightbox%26settings%3DeyJpZCI6OTkxNDIwLCJ1cmwiOiJodHRwczpcL1wvYnV5dWtjZWttZWNlYWthZGVtaS5rMTIudHJcL3dwLWNvbnRlbnRcL3VwbG9hZHNcLzIwMjNcLzAzXC8zMzU0MDQ2Ml8xODExMjgxNDEyMjI1OTEwXzQ5MTY1Mzc1NTI5NDIzOTk0ODhfbi0xLmpwZyIsInNsaWRlc2hvdyI6ImFsbC1jYWFlOTI2In0%3D\">\n\t\t\t\t\t<div class=\"e-gallery-image elementor-gallery-item__image\" data-thumbnail=\"https:\/\/buyukcekmeceakademi.k12.tr\/wp-content\/uploads\/2023\/03\/33540462_1811281412225910_4916537552942399488_n-1.jpg\" data-width=\"1500\" data-height=\"1000\" alt=\"\" ><\/div>\n\t\t\t\t\t\t\t\t\t\t\t<div class=\"elementor-gallery-item__overlay\"><\/div>\n\t\t\t\t\t\t\t\t\t\t\t\t\t\t<\/a>\n\t\t\t\t\t\t\t<a class=\"e-gallery-item elementor-gallery-item elementor-animated-content\" href=\"https:\/\/buyukcekmeceakademi.k12.tr\/wp-content\/uploads\/2023\/03\/DSC_4986-1-scaled.jpg\" data-elementor-open-lightbox=\"yes\" data-elementor-lightbox-slideshow=\"all-caae926\" data-elementor-lightbox-title=\"DSC_4986\" data-e-action-hash=\"#elementor-action%3Aaction%3Dlightbox%26settings%3DeyJpZCI6OTkxNDIxLCJ1cmwiOiJodHRwczpcL1wvYnV5dWtjZWttZWNlYWthZGVtaS5rMTIudHJcL3dwLWNvbnRlbnRcL3VwbG9hZHNcLzIwMjNcLzAzXC9EU0NfNDk4Ni0xLXNjYWxlZC5qcGciLCJzbGlkZXNob3ciOiJhbGwtY2FhZTkyNiJ9\">\n\t\t\t\t\t<div class=\"e-gallery-image elementor-gallery-item__image\" data-thumbnail=\"https:\/\/buyukcekmeceakademi.k12.tr\/wp-content\/uploads\/2023\/03\/DSC_4986-1-scaled.jpg\" data-width=\"2560\" data-height=\"1711\" alt=\"\" ><\/div>\n\t\t\t\t\t\t\t\t\t\t\t<div class=\"elementor-gallery-item__overlay\"><\/div>\n\t\t\t\t\t\t\t\t\t\t\t\t\t\t<\/a>\n\t\t\t\t\t\t\t<a class=\"e-gallery-item elementor-gallery-item elementor-animated-content\" href=\"https:\/\/buyukcekmeceakademi.k12.tr\/wp-content\/uploads\/2023\/03\/DSC_5013-1-scaled.jpg\" data-elementor-open-lightbox=\"yes\" data-elementor-lightbox-slideshow=\"all-caae926\" data-elementor-lightbox-title=\"DSC_5013\" data-e-action-hash=\"#elementor-action%3Aaction%3Dlightbox%26settings%3DeyJpZCI6OTkxNDIyLCJ1cmwiOiJodHRwczpcL1wvYnV5dWtjZWttZWNlYWthZGVtaS5rMTIudHJcL3dwLWNvbnRlbnRcL3VwbG9hZHNcLzIwMjNcLzAzXC9EU0NfNTAxMy0xLXNjYWxlZC5qcGciLCJzbGlkZXNob3ciOiJhbGwtY2FhZTkyNiJ9\">\n\t\t\t\t\t<div class=\"e-gallery-image elementor-gallery-item__image\" data-thumbnail=\"https:\/\/buyukcekmeceakademi.k12.tr\/wp-content\/uploads\/2023\/03\/DSC_5013-1-scaled.jpg\" data-width=\"2560\" data-height=\"1711\" alt=\"\" ><\/div>\n\t\t\t\t\t\t\t\t\t\t\t<div class=\"elementor-gallery-item__overlay\"><\/div>\n\t\t\t\t\t\t\t\t\t\t\t\t\t\t<\/a>\n\t\t\t\t\t\t\t<a class=\"e-gallery-item elementor-gallery-item elementor-animated-content\" href=\"https:\/\/buyukcekmeceakademi.k12.tr\/wp-content\/uploads\/2025\/07\/WhatsApp-Image-2025-05-10-at-09.40.14-1.jpeg\" data-elementor-open-lightbox=\"yes\" data-elementor-lightbox-slideshow=\"all-caae926\" data-elementor-lightbox-title=\"WhatsApp Image 2025-05-10 at 09.40.14 (1)\" data-e-action-hash=\"#elementor-action%3Aaction%3Dlightbox%26settings%3DeyJpZCI6OTkxNDIzLCJ1cmwiOiJodHRwczpcL1wvYnV5dWtjZWttZWNlYWthZGVtaS5rMTIudHJcL3dwLWNvbnRlbnRcL3VwbG9hZHNcLzIwMjVcLzA3XC9XaGF0c0FwcC1JbWFnZS0yMDI1LTA1LTEwLWF0LTA5LjQwLjE0LTEuanBlZyIsInNsaWRlc2hvdyI6ImFsbC1jYWFlOTI2In0%3D\">\n\t\t\t\t\t<div class=\"e-gallery-image elementor-gallery-item__image\" data-thumbnail=\"https:\/\/buyukcekmeceakademi.k12.tr\/wp-content\/uploads\/2025\/07\/WhatsApp-Image-2025-05-10-at-09.40.14-1.jpeg\" data-width=\"1536\" data-height=\"2048\" alt=\"\" ><\/div>\n\t\t\t\t\t\t\t\t\t\t\t<div class=\"elementor-gallery-item__overlay\"><\/div>\n\t\t\t\t\t\t\t\t\t\t\t\t\t\t<\/a>\n\t\t\t\t\t\t\t<a class=\"e-gallery-item elementor-gallery-item elementor-animated-content\" href=\"https:\/\/buyukcekmeceakademi.k12.tr\/wp-content\/uploads\/2025\/07\/WhatsApp-Image-2025-05-10-at-09.40.20.jpeg\" data-elementor-open-lightbox=\"yes\" data-elementor-lightbox-slideshow=\"all-caae926\" data-elementor-lightbox-title=\"WhatsApp Image 2025-05-10 at 09.40.20\" data-e-action-hash=\"#elementor-action%3Aaction%3Dlightbox%26settings%3DeyJpZCI6OTkxNDI0LCJ1cmwiOiJodHRwczpcL1wvYnV5dWtjZWttZWNlYWthZGVtaS5rMTIudHJcL3dwLWNvbnRlbnRcL3VwbG9hZHNcLzIwMjVcLzA3XC9XaGF0c0FwcC1JbWFnZS0yMDI1LTA1LTEwLWF0LTA5LjQwLjIwLmpwZWciLCJzbGlkZXNob3ciOiJhbGwtY2FhZTkyNiJ9\">\n\t\t\t\t\t<div class=\"e-gallery-image elementor-gallery-item__image\" data-thumbnail=\"https:\/\/buyukcekmeceakademi.k12.tr\/wp-content\/uploads\/2025\/07\/WhatsApp-Image-2025-05-10-at-09.40.20.jpeg\" data-width=\"1536\" data-height=\"2048\" alt=\"\" ><\/div>\n\t\t\t\t\t\t\t\t\t\t\t<div class=\"elementor-gallery-item__overlay\"><\/div>\n\t\t\t\t\t\t\t\t\t\t\t\t\t\t<\/a>\n\t\t\t\t\t\t\t<a class=\"e-gallery-item elementor-gallery-item elementor-animated-content\" href=\"https:\/\/buyukcekmeceakademi.k12.tr\/wp-content\/uploads\/2025\/07\/WhatsApp-Image-2025-05-10-at-09.40.33.jpeg\" data-elementor-open-lightbox=\"yes\" data-elementor-lightbox-slideshow=\"all-caae926\" data-elementor-lightbox-title=\"WhatsApp Image 2025-05-10 at 09.40.33\" data-e-action-hash=\"#elementor-action%3Aaction%3Dlightbox%26settings%3DeyJpZCI6OTkxNDI1LCJ1cmwiOiJodHRwczpcL1wvYnV5dWtjZWttZWNlYWthZGVtaS5rMTIudHJcL3dwLWNvbnRlbnRcL3VwbG9hZHNcLzIwMjVcLzA3XC9XaGF0c0FwcC1JbWFnZS0yMDI1LTA1LTEwLWF0LTA5LjQwLjMzLmpwZWciLCJzbGlkZXNob3ciOiJhbGwtY2FhZTkyNiJ9\">\n\t\t\t\t\t<div class=\"e-gallery-image elementor-gallery-item__image\" data-thumbnail=\"https:\/\/buyukcekmeceakademi.k12.tr\/wp-content\/uploads\/2025\/07\/WhatsApp-Image-2025-05-10-at-09.40.33.jpeg\" data-width=\"2048\" data-height=\"1536\" alt=\"\" ><\/div>\n\t\t\t\t\t\t\t\t\t\t\t<div class=\"elementor-gallery-item__overlay\"><\/div>\n\t\t\t\t\t\t\t\t\t\t\t\t\t\t<\/a>\n\t\t\t\t\t<\/div>\n\t\t\t<\/div>\n\t\t\t\t<\/div>\n\t\t\t\t\t\t<\/div>\n\t\t\t\t\t<\/div>\n\t\t<\/div>\n\t\t\t\t\t\t\t\t<\/div>\n\t\t\t\t\t<\/div>\n\t\t<\/section>\n\t\t\t\t<section class=\"elementor-section elementor-top-section elementor-element elementor-element-cd22106 elementor-section-boxed elementor-section-height-default elementor-section-height-default\" data-id=\"cd22106\" data-element_type=\"section\" data-settings=\"{&quot;background_background&quot;:&quot;classic&quot;}\">\n\t\t\t\t\t\t<div class=\"elementor-container elementor-column-gap-default\">\n\t\t\t\t\t\t\t<div class=\"elementor-row\">\n\t\t\t\t\t<div class=\"elementor-column elementor-col-100 elementor-top-column elementor-element elementor-element-08b93dd elementor-invisible\" data-id=\"08b93dd\" data-element_type=\"column\" data-settings=\"{&quot;animation&quot;:&quot;fadeIn&quot;,&quot;animation_tablet&quot;:&quot;none&quot;,&quot;animation_mobile&quot;:&quot;none&quot;,&quot;animation_delay&quot;:200}\">\n\t\t\t<div class=\"elementor-column-wrap\">\n\t\t\t\t\t\t\t<div class=\"elementor-widget-wrap\">\n\t\t\t\t\t\t\t\t<\/div>\n\t\t\t\t\t<\/div>\n\t\t<\/div>\n\t\t\t\t\t\t\t\t<\/div>\n\t\t\t\t\t<\/div>\n\t\t<\/section>\n\t\t\t\t\t\t\t\t\t<\/div>\n\t\t\t<\/div>\n\t\t\t\t\t<\/div>\n\t\t","protected":false},"excerpt":{"rendered":"<p>Visual Arts Activities At B\u00fcy\u00fck\u00e7ekmece Akademi Private Schools, the primary goal of visual arts education is to help our students become individuals who appreciate art, can analyze it, understand cultural contexts, and develop habits such as visiting exhibitions, art galleries, historical sites, and museums. Another important aim of visual arts education is to cultivate students&#8230;<\/p>\n","protected":false},"author":1,"featured_media":0,"parent":991371,"menu_order":0,"comment_status":"closed","ping_status":"closed","template":"","meta":{"footnotes":""},"class_list":["post-991416","page","type-page","status-publish","hentry"],"yoast_head":"<!-- This site is optimized with the Yoast SEO plugin v26.4 - https:\/\/yoast.com\/wordpress\/plugins\/seo\/ -->\n<title>Visual Arts Activities - Akademi Koleji<\/title>\n<meta name=\"robots\" content=\"index, follow, max-snippet:-1, max-image-preview:large, max-video-preview:-1\" \/>\n<link rel=\"canonical\" href=\"https:\/\/buyukcekmeceakademi.k12.tr\/en\/life-at-akademi\/visual-arts-activities\/\" \/>\n<meta property=\"og:locale\" content=\"en_US\" \/>\n<meta property=\"og:type\" content=\"article\" \/>\n<meta property=\"og:title\" content=\"Visual Arts Activities - Akademi Koleji\" \/>\n<meta property=\"og:description\" content=\"Visual Arts Activities At B\u00fcy\u00fck\u00e7ekmece Akademi Private Schools, the primary goal of visual arts education is to help our students become individuals who appreciate art, can analyze it, understand cultural contexts, and develop habits such as visiting exhibitions, art galleries, historical sites, and museums. Another important aim of visual arts education is to cultivate students...\" \/>\n<meta property=\"og:url\" content=\"https:\/\/buyukcekmeceakademi.k12.tr\/en\/life-at-akademi\/visual-arts-activities\/\" \/>\n<meta property=\"og:site_name\" content=\"Akademi Koleji\" \/>\n<meta property=\"article:publisher\" content=\"https:\/\/www.facebook.com\/akademikolej\/\" \/>\n<meta property=\"article:modified_time\" content=\"2025-10-23T21:35:34+00:00\" \/>\n<meta name=\"twitter:card\" content=\"summary_large_image\" \/>\n<meta name=\"twitter:label1\" content=\"Est. reading time\" \/>\n\t<meta name=\"twitter:data1\" content=\"1 minute\" \/>\n<script type=\"application\/ld+json\" class=\"yoast-schema-graph\">{\"@context\":\"https:\/\/schema.org\",\"@graph\":[{\"@type\":\"WebPage\",\"@id\":\"https:\/\/buyukcekmeceakademi.k12.tr\/en\/life-at-akademi\/visual-arts-activities\/\",\"url\":\"https:\/\/buyukcekmeceakademi.k12.tr\/en\/life-at-akademi\/visual-arts-activities\/\",\"name\":\"Visual Arts Activities - Akademi Koleji\",\"isPartOf\":{\"@id\":\"https:\/\/buyukcekmeceakademi.k12.tr\/en\/#website\"},\"datePublished\":\"2023-03-02T15:12:12+00:00\",\"dateModified\":\"2025-10-23T21:35:34+00:00\",\"breadcrumb\":{\"@id\":\"https:\/\/buyukcekmeceakademi.k12.tr\/en\/life-at-akademi\/visual-arts-activities\/#breadcrumb\"},\"inLanguage\":\"en-US\",\"potentialAction\":[{\"@type\":\"ReadAction\",\"target\":[\"https:\/\/buyukcekmeceakademi.k12.tr\/en\/life-at-akademi\/visual-arts-activities\/\"]}]},{\"@type\":\"BreadcrumbList\",\"@id\":\"https:\/\/buyukcekmeceakademi.k12.tr\/en\/life-at-akademi\/visual-arts-activities\/#breadcrumb\",\"itemListElement\":[{\"@type\":\"ListItem\",\"position\":1,\"name\":\"Home\",\"item\":\"https:\/\/buyukcekmeceakademi.k12.tr\/en\/\"},{\"@type\":\"ListItem\",\"position\":2,\"name\":\"Life at Akademi\",\"item\":\"https:\/\/buyukcekmeceakademi.k12.tr\/en\/life-at-akademi\/\"},{\"@type\":\"ListItem\",\"position\":3,\"name\":\"Visual Arts Activities\"}]},{\"@type\":\"WebSite\",\"@id\":\"https:\/\/buyukcekmeceakademi.k12.tr\/en\/#website\",\"url\":\"https:\/\/buyukcekmeceakademi.k12.tr\/en\/\",\"name\":\"Akademi Koleji\",\"description\":\"B\u00fcy\u00fck\u00e7ekmece Akademi \u00d6zel Okullar\u0131\",\"publisher\":{\"@id\":\"https:\/\/buyukcekmeceakademi.k12.tr\/en\/#organization\"},\"potentialAction\":[{\"@type\":\"SearchAction\",\"target\":{\"@type\":\"EntryPoint\",\"urlTemplate\":\"https:\/\/buyukcekmeceakademi.k12.tr\/en\/?s={search_term_string}\"},\"query-input\":{\"@type\":\"PropertyValueSpecification\",\"valueRequired\":true,\"valueName\":\"search_term_string\"}}],\"inLanguage\":\"en-US\"},{\"@type\":\"Organization\",\"@id\":\"https:\/\/buyukcekmeceakademi.k12.tr\/en\/#organization\",\"name\":\"Akademi Koleji\",\"url\":\"https:\/\/buyukcekmeceakademi.k12.tr\/en\/\",\"logo\":{\"@type\":\"ImageObject\",\"inLanguage\":\"en-US\",\"@id\":\"https:\/\/buyukcekmeceakademi.k12.tr\/en\/#\/schema\/logo\/image\/\",\"url\":\"https:\/\/buyukcekmeceakademi.k12.tr\/wp-content\/uploads\/2020\/02\/logo-1.png\",\"contentUrl\":\"https:\/\/buyukcekmeceakademi.k12.tr\/wp-content\/uploads\/2020\/02\/logo-1.png\",\"width\":1757,\"height\":553,\"caption\":\"Akademi Koleji\"},\"image\":{\"@id\":\"https:\/\/buyukcekmeceakademi.k12.tr\/en\/#\/schema\/logo\/image\/\"},\"sameAs\":[\"https:\/\/www.facebook.com\/akademikolej\/\",\"https:\/\/instagram.com\/buyukcekmeceakademiozelokullar\"]}]}<\/script>\n<!-- \/ Yoast SEO plugin. -->","yoast_head_json":{"title":"Visual Arts Activities - Akademi Koleji","robots":{"index":"index","follow":"follow","max-snippet":"max-snippet:-1","max-image-preview":"max-image-preview:large","max-video-preview":"max-video-preview:-1"},"canonical":"https:\/\/buyukcekmeceakademi.k12.tr\/en\/life-at-akademi\/visual-arts-activities\/","og_locale":"en_US","og_type":"article","og_title":"Visual Arts Activities - Akademi Koleji","og_description":"Visual Arts Activities At B\u00fcy\u00fck\u00e7ekmece Akademi Private Schools, the primary goal of visual arts education is to help our students become individuals who appreciate art, can analyze it, understand cultural contexts, and develop habits such as visiting exhibitions, art galleries, historical sites, and museums. Another important aim of visual arts education is to cultivate students...","og_url":"https:\/\/buyukcekmeceakademi.k12.tr\/en\/life-at-akademi\/visual-arts-activities\/","og_site_name":"Akademi Koleji","article_publisher":"https:\/\/www.facebook.com\/akademikolej\/","article_modified_time":"2025-10-23T21:35:34+00:00","twitter_card":"summary_large_image","twitter_misc":{"Est. reading time":"1 minute"},"schema":{"@context":"https:\/\/schema.org","@graph":[{"@type":"WebPage","@id":"https:\/\/buyukcekmeceakademi.k12.tr\/en\/life-at-akademi\/visual-arts-activities\/","url":"https:\/\/buyukcekmeceakademi.k12.tr\/en\/life-at-akademi\/visual-arts-activities\/","name":"Visual Arts Activities - Akademi Koleji","isPartOf":{"@id":"https:\/\/buyukcekmeceakademi.k12.tr\/en\/#website"},"datePublished":"2023-03-02T15:12:12+00:00","dateModified":"2025-10-23T21:35:34+00:00","breadcrumb":{"@id":"https:\/\/buyukcekmeceakademi.k12.tr\/en\/life-at-akademi\/visual-arts-activities\/#breadcrumb"},"inLanguage":"en-US","potentialAction":[{"@type":"ReadAction","target":["https:\/\/buyukcekmeceakademi.k12.tr\/en\/life-at-akademi\/visual-arts-activities\/"]}]},{"@type":"BreadcrumbList","@id":"https:\/\/buyukcekmeceakademi.k12.tr\/en\/life-at-akademi\/visual-arts-activities\/#breadcrumb","itemListElement":[{"@type":"ListItem","position":1,"name":"Home","item":"https:\/\/buyukcekmeceakademi.k12.tr\/en\/"},{"@type":"ListItem","position":2,"name":"Life at Akademi","item":"https:\/\/buyukcekmeceakademi.k12.tr\/en\/life-at-akademi\/"},{"@type":"ListItem","position":3,"name":"Visual Arts Activities"}]},{"@type":"WebSite","@id":"https:\/\/buyukcekmeceakademi.k12.tr\/en\/#website","url":"https:\/\/buyukcekmeceakademi.k12.tr\/en\/","name":"Akademi Koleji","description":"B\u00fcy\u00fck\u00e7ekmece Akademi \u00d6zel Okullar\u0131","publisher":{"@id":"https:\/\/buyukcekmeceakademi.k12.tr\/en\/#organization"},"potentialAction":[{"@type":"SearchAction","target":{"@type":"EntryPoint","urlTemplate":"https:\/\/buyukcekmeceakademi.k12.tr\/en\/?s={search_term_string}"},"query-input":{"@type":"PropertyValueSpecification","valueRequired":true,"valueName":"search_term_string"}}],"inLanguage":"en-US"},{"@type":"Organization","@id":"https:\/\/buyukcekmeceakademi.k12.tr\/en\/#organization","name":"Akademi Koleji","url":"https:\/\/buyukcekmeceakademi.k12.tr\/en\/","logo":{"@type":"ImageObject","inLanguage":"en-US","@id":"https:\/\/buyukcekmeceakademi.k12.tr\/en\/#\/schema\/logo\/image\/","url":"https:\/\/buyukcekmeceakademi.k12.tr\/wp-content\/uploads\/2020\/02\/logo-1.png","contentUrl":"https:\/\/buyukcekmeceakademi.k12.tr\/wp-content\/uploads\/2020\/02\/logo-1.png","width":1757,"height":553,"caption":"Akademi Koleji"},"image":{"@id":"https:\/\/buyukcekmeceakademi.k12.tr\/en\/#\/schema\/logo\/image\/"},"sameAs":["https:\/\/www.facebook.com\/akademikolej\/","https:\/\/instagram.com\/buyukcekmeceakademiozelokullar"]}]}},"_links":{"self":[{"href":"https:\/\/buyukcekmeceakademi.k12.tr\/en\/wp-json\/wp\/v2\/pages\/991416","targetHints":{"allow":["GET"]}}],"collection":[{"href":"https:\/\/buyukcekmeceakademi.k12.tr\/en\/wp-json\/wp\/v2\/pages"}],"about":[{"href":"https:\/\/buyukcekmeceakademi.k12.tr\/en\/wp-json\/wp\/v2\/types\/page"}],"author":[{"embeddable":true,"href":"https:\/\/buyukcekmeceakademi.k12.tr\/en\/wp-json\/wp\/v2\/users\/1"}],"replies":[{"embeddable":true,"href":"https:\/\/buyukcekmeceakademi.k12.tr\/en\/wp-json\/wp\/v2\/comments?post=991416"}],"version-history":[{"count":7,"href":"https:\/\/buyukcekmeceakademi.k12.tr\/en\/wp-json\/wp\/v2\/pages\/991416\/revisions"}],"predecessor-version":[{"id":992375,"href":"https:\/\/buyukcekmeceakademi.k12.tr\/en\/wp-json\/wp\/v2\/pages\/991416\/revisions\/992375"}],"up":[{"embeddable":true,"href":"https:\/\/buyukcekmeceakademi.k12.tr\/en\/wp-json\/wp\/v2\/pages\/991371"}],"wp:attachment":[{"href":"https:\/\/buyukcekmeceakademi.k12.tr\/en\/wp-json\/wp\/v2\/media?parent=991416"}],"curies":[{"name":"wp","href":"https:\/\/api.w.org\/{rel}","templated":true}]}}