{"id":991293,"date":"2023-03-01T12:20:39","date_gmt":"2023-03-01T09:20:39","guid":{"rendered":"https:\/\/buyukcekmeceakademi.k12.tr\/2025-2026-middle-school-study-sessions\/"},"modified":"2025-10-08T05:20:52","modified_gmt":"2025-10-08T02:20:52","slug":"2025-2026-middle-school-study-sessions","status":"publish","type":"page","link":"https:\/\/buyukcekmeceakademi.k12.tr\/en\/2025-2026-middle-school-study-sessions\/","title":{"rendered":"2025-2026 Middle School Study Sessions"},"content":{"rendered":"\t\t<div data-elementor-type=\"wp-page\" data-elementor-id=\"991293\" class=\"elementor elementor-991293 elementor-988696\">\n\t\t\t\t\t\t<div class=\"elementor-inner\">\n\t\t\t\t<div class=\"elementor-section-wrap\">\n\t\t\t\t\t\t\t\t\t<section class=\"elementor-section elementor-top-section elementor-element elementor-element-58d23ae elementor-section-height-min-height elementor-section-boxed elementor-section-height-default elementor-section-items-middle\" data-id=\"58d23ae\" data-element_type=\"section\" data-settings=\"{&quot;background_background&quot;:&quot;classic&quot;}\">\n\t\t\t\t\t\t\t<div class=\"elementor-background-overlay\"><\/div>\n\t\t\t\t\t\t\t<div class=\"elementor-container elementor-column-gap-default\">\n\t\t\t\t\t\t\t<div class=\"elementor-row\">\n\t\t\t\t\t<div class=\"elementor-column elementor-col-100 elementor-top-column elementor-element elementor-element-bfb6604\" data-id=\"bfb6604\" data-element_type=\"column\" data-settings=\"{&quot;background_background&quot;:&quot;classic&quot;}\">\n\t\t\t<div class=\"elementor-column-wrap\">\n\t\t\t\t\t\t\t<div class=\"elementor-widget-wrap\">\n\t\t\t\t\t\t\t\t<\/div>\n\t\t\t\t\t<\/div>\n\t\t<\/div>\n\t\t\t\t\t\t\t\t<\/div>\n\t\t\t\t\t<\/div>\n\t\t<\/section>\n\t\t\t\t<section class=\"elementor-section elementor-top-section elementor-element elementor-element-2630bd5 elementor-section-boxed elementor-section-height-default elementor-section-height-default\" data-id=\"2630bd5\" data-element_type=\"section\">\n\t\t\t\t\t\t<div class=\"elementor-container elementor-column-gap-default\">\n\t\t\t\t\t\t\t<div class=\"elementor-row\">\n\t\t\t\t\t<div class=\"elementor-column elementor-col-100 elementor-top-column elementor-element elementor-element-2bf67d7\" data-id=\"2bf67d7\" data-element_type=\"column\">\n\t\t\t<div class=\"elementor-column-wrap elementor-element-populated\">\n\t\t\t\t\t\t\t<div class=\"elementor-widget-wrap\">\n\t\t\t\t\t\t<div class=\"elementor-element elementor-element-39190eb elementor-widget elementor-widget-heading\" data-id=\"39190eb\" data-element_type=\"widget\" data-widget_type=\"heading.default\">\n\t\t\t\t<div class=\"elementor-widget-container\">\n\t\t\t<h1 class=\"elementor-heading-title elementor-size-default\">2025 - 2026 Middle School Study Sessions<\/h1>\t\t<\/div>\n\t\t\t\t<\/div>\n\t\t\t\t<div class=\"elementor-element elementor-element-50a600b elementor-widget elementor-widget-text-editor\" data-id=\"50a600b\" data-element_type=\"widget\" data-widget_type=\"text-editor.default\">\n\t\t\t\t<div class=\"elementor-widget-container\">\n\t\t\t\t\t\t\t\t<div class=\"elementor-text-editor elementor-clearfix\">\n\t\t\t\t<table><thead><tr><th>\n  <strong>GRADES<\/strong>\n<\/th><th>\n  <strong>MONDAY<\/strong>\n<\/th><th>\n  <strong>TUESDAY<\/strong>\n<\/th><th>\n  <strong>WEDNESDAY<\/strong>\n<\/th><th>\n  <strong>THURSDAY<\/strong>\n<\/th><\/tr><\/thead><tbody><tr><td>\n  <strong>5th Grade<\/strong>\n<\/td><td>Mathematics \u2013 \u00d6zg\u00fcr G\u00fcrkan (<strong>Fibonacci<\/strong>)<\/td><td>English \u2013 Elif Batu (<strong>Edgar Allen Poe<\/strong>)<\/td><td>Turkish \u2013 \u00d6zg\u00fcl \u00d6zt\u00fcrk (<strong>Orhan Kemal<\/strong>)<\/td><td>Science \u2013 Recep Erdem (<strong>Engin Ar\u0131k<\/strong>)<\/td><\/tr><tr><td>\n  <strong>6th Grade<\/strong>\n<\/td><td>Turkish \u2013 \u00d6zg\u00fcl \u00d6zt\u00fcrk (<strong>Orhan Kemal<\/strong>)<\/td><td>Science \u2013 Beng\u00fc U\u00e7ar (<strong>Farabi<\/strong>)<\/td><td>Mathematics \u2013 Munevera Polimac (<strong>Hypatia<\/strong>)<\/td><td>English \u2013 Ilham Saraireh (<strong>Edgar Allen Poe<\/strong>)<\/td><\/tr><tr><td>\n  <strong>7th Grade<\/strong>\n<\/td><td>Science \u2013 Beng\u00fc U\u00e7ar (<strong>Farabi<\/strong>)<\/td><td>English \u2013 Bahar Ayd\u0131n (<strong>E. Hemingway<\/strong>)<\/td><td>Turkish \u2013 Tu\u011f\u00e7e Uslu (<strong>Faz\u0131l H\u00fcsn\u00fc Da\u011flarca<\/strong>)<\/td><td>Mathematics \u2013 Munevera Polimac (<strong>Hypatia<\/strong>)<\/td><\/tr><tr><td><strong>8th Grade<\/strong><\/td><td>Science \u2013 Recep Erdem (<strong>Engin Ar\u0131k<\/strong>)<\/td><td>Turkish \u2013 Tu\u011f\u00e7e Uslu (<strong>Faz\u0131l H\u00fcsn\u00fc Da\u011flarca<\/strong>)<\/td><td>English \u2013 Nihan \u015eahinkaya (<strong>Edgar Allen Poe<\/strong>)<\/td><td>Rev. Hist. \u2013 Esra \u015eerali (<strong>Herodotus<\/strong>) Mathematics \u2013 \u00d6zg\u00fcr G\u00fcrkan (<strong>Fibonacci<\/strong>)<\/td><\/tr><\/tbody><\/table>\t\t\t\t\t<\/div>\n\t\t\t\t\t\t<\/div>\n\t\t\t\t<\/div>\n\t\t\t\t\t\t<\/div>\n\t\t\t\t\t<\/div>\n\t\t<\/div>\n\t\t\t\t\t\t\t\t<\/div>\n\t\t\t\t\t<\/div>\n\t\t<\/section>\n\t\t\t\t\t\t\t\t\t<\/div>\n\t\t\t<\/div>\n\t\t\t\t\t<\/div>\n\t\t","protected":false},"excerpt":{"rendered":"<p>2025 &#8211; 2026 Middle School Study Sessions GRADES MONDAY TUESDAY WEDNESDAY THURSDAY 5th Grade Mathematics \u2013 \u00d6zg\u00fcr G\u00fcrkan (Fibonacci) English \u2013 Elif Batu (Edgar Allen Poe) Turkish \u2013 \u00d6zg\u00fcl \u00d6zt\u00fcrk (Orhan Kemal) Science \u2013 Recep Erdem (Engin Ar\u0131k) 6th Grade Turkish \u2013 \u00d6zg\u00fcl \u00d6zt\u00fcrk (Orhan Kemal) Science \u2013 Beng\u00fc U\u00e7ar (Farabi) Mathematics \u2013 Munevera Polimac&#8230;<\/p>\n","protected":false},"author":1,"featured_media":0,"parent":0,"menu_order":0,"comment_status":"closed","ping_status":"closed","template":"","meta":{"footnotes":""},"class_list":["post-991293","page","type-page","status-publish","hentry"],"yoast_head":"<!-- This site is optimized with the Yoast SEO plugin v26.4 - https:\/\/yoast.com\/wordpress\/plugins\/seo\/ -->\n<title>2025-2026 Middle School Study Sessions - Akademi Koleji<\/title>\n<meta name=\"robots\" content=\"index, follow, max-snippet:-1, max-image-preview:large, max-video-preview:-1\" \/>\n<link rel=\"canonical\" href=\"https:\/\/buyukcekmeceakademi.k12.tr\/en\/2025-2026-middle-school-study-sessions\/\" \/>\n<meta property=\"og:locale\" content=\"en_US\" \/>\n<meta property=\"og:type\" content=\"article\" \/>\n<meta property=\"og:title\" content=\"2025-2026 Middle School Study Sessions - Akademi Koleji\" \/>\n<meta property=\"og:description\" content=\"2025 &#8211; 2026 Middle School Study Sessions GRADES MONDAY TUESDAY WEDNESDAY THURSDAY 5th Grade Mathematics \u2013 \u00d6zg\u00fcr G\u00fcrkan (Fibonacci) English \u2013 Elif Batu (Edgar Allen Poe) Turkish \u2013 \u00d6zg\u00fcl \u00d6zt\u00fcrk (Orhan Kemal) Science \u2013 Recep Erdem (Engin Ar\u0131k) 6th Grade Turkish \u2013 \u00d6zg\u00fcl \u00d6zt\u00fcrk (Orhan Kemal) Science \u2013 Beng\u00fc U\u00e7ar (Farabi) Mathematics \u2013 Munevera Polimac...\" \/>\n<meta property=\"og:url\" content=\"https:\/\/buyukcekmeceakademi.k12.tr\/en\/2025-2026-middle-school-study-sessions\/\" \/>\n<meta property=\"og:site_name\" content=\"Akademi Koleji\" \/>\n<meta property=\"article:publisher\" content=\"https:\/\/www.facebook.com\/akademikolej\/\" \/>\n<meta property=\"article:modified_time\" content=\"2025-10-08T02:20:52+00:00\" \/>\n<meta name=\"twitter:card\" content=\"summary_large_image\" \/>\n<meta name=\"twitter:label1\" content=\"Est. reading time\" \/>\n\t<meta name=\"twitter:data1\" content=\"1 minute\" \/>\n<script type=\"application\/ld+json\" class=\"yoast-schema-graph\">{\"@context\":\"https:\/\/schema.org\",\"@graph\":[{\"@type\":\"WebPage\",\"@id\":\"https:\/\/buyukcekmeceakademi.k12.tr\/en\/2025-2026-middle-school-study-sessions\/\",\"url\":\"https:\/\/buyukcekmeceakademi.k12.tr\/en\/2025-2026-middle-school-study-sessions\/\",\"name\":\"2025-2026 Middle School Study Sessions - Akademi Koleji\",\"isPartOf\":{\"@id\":\"https:\/\/buyukcekmeceakademi.k12.tr\/en\/#website\"},\"datePublished\":\"2023-03-01T09:20:39+00:00\",\"dateModified\":\"2025-10-08T02:20:52+00:00\",\"breadcrumb\":{\"@id\":\"https:\/\/buyukcekmeceakademi.k12.tr\/en\/2025-2026-middle-school-study-sessions\/#breadcrumb\"},\"inLanguage\":\"en-US\",\"potentialAction\":[{\"@type\":\"ReadAction\",\"target\":[\"https:\/\/buyukcekmeceakademi.k12.tr\/en\/2025-2026-middle-school-study-sessions\/\"]}]},{\"@type\":\"BreadcrumbList\",\"@id\":\"https:\/\/buyukcekmeceakademi.k12.tr\/en\/2025-2026-middle-school-study-sessions\/#breadcrumb\",\"itemListElement\":[{\"@type\":\"ListItem\",\"position\":1,\"name\":\"Home\",\"item\":\"https:\/\/buyukcekmeceakademi.k12.tr\/en\/\"},{\"@type\":\"ListItem\",\"position\":2,\"name\":\"2025-2026 Middle School Study Sessions\"}]},{\"@type\":\"WebSite\",\"@id\":\"https:\/\/buyukcekmeceakademi.k12.tr\/en\/#website\",\"url\":\"https:\/\/buyukcekmeceakademi.k12.tr\/en\/\",\"name\":\"Akademi Koleji\",\"description\":\"B\u00fcy\u00fck\u00e7ekmece Akademi \u00d6zel Okullar\u0131\",\"publisher\":{\"@id\":\"https:\/\/buyukcekmeceakademi.k12.tr\/en\/#organization\"},\"potentialAction\":[{\"@type\":\"SearchAction\",\"target\":{\"@type\":\"EntryPoint\",\"urlTemplate\":\"https:\/\/buyukcekmeceakademi.k12.tr\/en\/?s={search_term_string}\"},\"query-input\":{\"@type\":\"PropertyValueSpecification\",\"valueRequired\":true,\"valueName\":\"search_term_string\"}}],\"inLanguage\":\"en-US\"},{\"@type\":\"Organization\",\"@id\":\"https:\/\/buyukcekmeceakademi.k12.tr\/en\/#organization\",\"name\":\"Akademi Koleji\",\"url\":\"https:\/\/buyukcekmeceakademi.k12.tr\/en\/\",\"logo\":{\"@type\":\"ImageObject\",\"inLanguage\":\"en-US\",\"@id\":\"https:\/\/buyukcekmeceakademi.k12.tr\/en\/#\/schema\/logo\/image\/\",\"url\":\"https:\/\/buyukcekmeceakademi.k12.tr\/wp-content\/uploads\/2020\/02\/logo-1.png\",\"contentUrl\":\"https:\/\/buyukcekmeceakademi.k12.tr\/wp-content\/uploads\/2020\/02\/logo-1.png\",\"width\":1757,\"height\":553,\"caption\":\"Akademi Koleji\"},\"image\":{\"@id\":\"https:\/\/buyukcekmeceakademi.k12.tr\/en\/#\/schema\/logo\/image\/\"},\"sameAs\":[\"https:\/\/www.facebook.com\/akademikolej\/\",\"https:\/\/instagram.com\/buyukcekmeceakademiozelokullar\"]}]}<\/script>\n<!-- \/ Yoast SEO plugin. -->","yoast_head_json":{"title":"2025-2026 Middle School Study Sessions - Akademi Koleji","robots":{"index":"index","follow":"follow","max-snippet":"max-snippet:-1","max-image-preview":"max-image-preview:large","max-video-preview":"max-video-preview:-1"},"canonical":"https:\/\/buyukcekmeceakademi.k12.tr\/en\/2025-2026-middle-school-study-sessions\/","og_locale":"en_US","og_type":"article","og_title":"2025-2026 Middle School Study Sessions - Akademi Koleji","og_description":"2025 &#8211; 2026 Middle School Study Sessions GRADES MONDAY TUESDAY WEDNESDAY THURSDAY 5th Grade Mathematics \u2013 \u00d6zg\u00fcr G\u00fcrkan (Fibonacci) English \u2013 Elif Batu (Edgar Allen Poe) Turkish \u2013 \u00d6zg\u00fcl \u00d6zt\u00fcrk (Orhan Kemal) Science \u2013 Recep Erdem (Engin Ar\u0131k) 6th Grade Turkish \u2013 \u00d6zg\u00fcl \u00d6zt\u00fcrk (Orhan Kemal) Science \u2013 Beng\u00fc U\u00e7ar (Farabi) Mathematics \u2013 Munevera Polimac...","og_url":"https:\/\/buyukcekmeceakademi.k12.tr\/en\/2025-2026-middle-school-study-sessions\/","og_site_name":"Akademi Koleji","article_publisher":"https:\/\/www.facebook.com\/akademikolej\/","article_modified_time":"2025-10-08T02:20:52+00:00","twitter_card":"summary_large_image","twitter_misc":{"Est. reading time":"1 minute"},"schema":{"@context":"https:\/\/schema.org","@graph":[{"@type":"WebPage","@id":"https:\/\/buyukcekmeceakademi.k12.tr\/en\/2025-2026-middle-school-study-sessions\/","url":"https:\/\/buyukcekmeceakademi.k12.tr\/en\/2025-2026-middle-school-study-sessions\/","name":"2025-2026 Middle School Study Sessions - Akademi Koleji","isPartOf":{"@id":"https:\/\/buyukcekmeceakademi.k12.tr\/en\/#website"},"datePublished":"2023-03-01T09:20:39+00:00","dateModified":"2025-10-08T02:20:52+00:00","breadcrumb":{"@id":"https:\/\/buyukcekmeceakademi.k12.tr\/en\/2025-2026-middle-school-study-sessions\/#breadcrumb"},"inLanguage":"en-US","potentialAction":[{"@type":"ReadAction","target":["https:\/\/buyukcekmeceakademi.k12.tr\/en\/2025-2026-middle-school-study-sessions\/"]}]},{"@type":"BreadcrumbList","@id":"https:\/\/buyukcekmeceakademi.k12.tr\/en\/2025-2026-middle-school-study-sessions\/#breadcrumb","itemListElement":[{"@type":"ListItem","position":1,"name":"Home","item":"https:\/\/buyukcekmeceakademi.k12.tr\/en\/"},{"@type":"ListItem","position":2,"name":"2025-2026 Middle School Study Sessions"}]},{"@type":"WebSite","@id":"https:\/\/buyukcekmeceakademi.k12.tr\/en\/#website","url":"https:\/\/buyukcekmeceakademi.k12.tr\/en\/","name":"Akademi Koleji","description":"B\u00fcy\u00fck\u00e7ekmece Akademi \u00d6zel Okullar\u0131","publisher":{"@id":"https:\/\/buyukcekmeceakademi.k12.tr\/en\/#organization"},"potentialAction":[{"@type":"SearchAction","target":{"@type":"EntryPoint","urlTemplate":"https:\/\/buyukcekmeceakademi.k12.tr\/en\/?s={search_term_string}"},"query-input":{"@type":"PropertyValueSpecification","valueRequired":true,"valueName":"search_term_string"}}],"inLanguage":"en-US"},{"@type":"Organization","@id":"https:\/\/buyukcekmeceakademi.k12.tr\/en\/#organization","name":"Akademi Koleji","url":"https:\/\/buyukcekmeceakademi.k12.tr\/en\/","logo":{"@type":"ImageObject","inLanguage":"en-US","@id":"https:\/\/buyukcekmeceakademi.k12.tr\/en\/#\/schema\/logo\/image\/","url":"https:\/\/buyukcekmeceakademi.k12.tr\/wp-content\/uploads\/2020\/02\/logo-1.png","contentUrl":"https:\/\/buyukcekmeceakademi.k12.tr\/wp-content\/uploads\/2020\/02\/logo-1.png","width":1757,"height":553,"caption":"Akademi Koleji"},"image":{"@id":"https:\/\/buyukcekmeceakademi.k12.tr\/en\/#\/schema\/logo\/image\/"},"sameAs":["https:\/\/www.facebook.com\/akademikolej\/","https:\/\/instagram.com\/buyukcekmeceakademiozelokullar"]}]}},"_links":{"self":[{"href":"https:\/\/buyukcekmeceakademi.k12.tr\/en\/wp-json\/wp\/v2\/pages\/991293","targetHints":{"allow":["GET"]}}],"collection":[{"href":"https:\/\/buyukcekmeceakademi.k12.tr\/en\/wp-json\/wp\/v2\/pages"}],"about":[{"href":"https:\/\/buyukcekmeceakademi.k12.tr\/en\/wp-json\/wp\/v2\/types\/page"}],"author":[{"embeddable":true,"href":"https:\/\/buyukcekmeceakademi.k12.tr\/en\/wp-json\/wp\/v2\/users\/1"}],"replies":[{"embeddable":true,"href":"https:\/\/buyukcekmeceakademi.k12.tr\/en\/wp-json\/wp\/v2\/comments?post=991293"}],"version-history":[{"count":3,"href":"https:\/\/buyukcekmeceakademi.k12.tr\/en\/wp-json\/wp\/v2\/pages\/991293\/revisions"}],"predecessor-version":[{"id":991306,"href":"https:\/\/buyukcekmeceakademi.k12.tr\/en\/wp-json\/wp\/v2\/pages\/991293\/revisions\/991306"}],"wp:attachment":[{"href":"https:\/\/buyukcekmeceakademi.k12.tr\/en\/wp-json\/wp\/v2\/media?parent=991293"}],"curies":[{"name":"wp","href":"https:\/\/api.w.org\/{rel}","templated":true}]}}