{"id":991282,"date":"2023-03-01T12:15:57","date_gmt":"2023-03-01T09:15:57","guid":{"rendered":"https:\/\/buyukcekmeceakademi.k12.tr\/events-calendar\/"},"modified":"2025-10-08T05:20:48","modified_gmt":"2025-10-08T02:20:48","slug":"events-calendar","status":"publish","type":"page","link":"https:\/\/buyukcekmeceakademi.k12.tr\/en\/events-calendar\/","title":{"rendered":"Events Calendar"},"content":{"rendered":"\t\t<div data-elementor-type=\"wp-page\" data-elementor-id=\"991282\" class=\"elementor elementor-991282 elementor-988691\">\n\t\t\t\t\t\t<div class=\"elementor-inner\">\n\t\t\t\t<div class=\"elementor-section-wrap\">\n\t\t\t\t\t\t\t\t\t<section class=\"elementor-section elementor-top-section elementor-element elementor-element-58d23ae elementor-section-height-min-height elementor-section-boxed elementor-section-height-default elementor-section-items-middle\" data-id=\"58d23ae\" data-element_type=\"section\" data-settings=\"{&quot;background_background&quot;:&quot;classic&quot;}\">\n\t\t\t\t\t\t\t<div class=\"elementor-background-overlay\"><\/div>\n\t\t\t\t\t\t\t<div class=\"elementor-container elementor-column-gap-default\">\n\t\t\t\t\t\t\t<div class=\"elementor-row\">\n\t\t\t\t\t<div class=\"elementor-column elementor-col-100 elementor-top-column elementor-element elementor-element-bfb6604\" data-id=\"bfb6604\" data-element_type=\"column\" data-settings=\"{&quot;background_background&quot;:&quot;classic&quot;}\">\n\t\t\t<div class=\"elementor-column-wrap\">\n\t\t\t\t\t\t\t<div class=\"elementor-widget-wrap\">\n\t\t\t\t\t\t\t\t<\/div>\n\t\t\t\t\t<\/div>\n\t\t<\/div>\n\t\t\t\t\t\t\t\t<\/div>\n\t\t\t\t\t<\/div>\n\t\t<\/section>\n\t\t\t\t<section class=\"elementor-section elementor-top-section elementor-element elementor-element-2630bd5 elementor-section-boxed elementor-section-height-default elementor-section-height-default\" data-id=\"2630bd5\" data-element_type=\"section\">\n\t\t\t\t\t\t<div class=\"elementor-container elementor-column-gap-default\">\n\t\t\t\t\t\t\t<div class=\"elementor-row\">\n\t\t\t\t\t<div class=\"elementor-column elementor-col-100 elementor-top-column elementor-element elementor-element-2bf67d7\" data-id=\"2bf67d7\" data-element_type=\"column\">\n\t\t\t<div class=\"elementor-column-wrap elementor-element-populated\">\n\t\t\t\t\t\t\t<div class=\"elementor-widget-wrap\">\n\t\t\t\t\t\t<div class=\"elementor-element elementor-element-0f7bbf1 elementor-widget elementor-widget-image\" data-id=\"0f7bbf1\" data-element_type=\"widget\" data-widget_type=\"image.default\">\n\t\t\t\t<div class=\"elementor-widget-container\">\n\t\t\t\t\t\t\t<div class=\"elementor-image\">\n\t\t\t\t\t\t\t\t\t\t\t\t\t\t\t\t\t\t\t\t\t<img loading=\"lazy\" decoding=\"async\" width=\"1841\" height=\"2560\" src=\"https:\/\/buyukcekmeceakademi.k12.tr\/wp-content\/uploads\/2025\/10\/web_01-1-scaled.png\" class=\"attachment-full size-full wp-image-991285\" alt=\"\" srcset=\"https:\/\/buyukcekmeceakademi.k12.tr\/wp-content\/uploads\/2025\/10\/web_01-1-scaled.png 1841w, https:\/\/buyukcekmeceakademi.k12.tr\/wp-content\/uploads\/2025\/10\/web_01-1-216x300.png 216w, https:\/\/buyukcekmeceakademi.k12.tr\/wp-content\/uploads\/2025\/10\/web_01-1-737x1024.png 737w, https:\/\/buyukcekmeceakademi.k12.tr\/wp-content\/uploads\/2025\/10\/web_01-1-768x1068.png 768w, https:\/\/buyukcekmeceakademi.k12.tr\/wp-content\/uploads\/2025\/10\/web_01-1-1105x1536.png 1105w, https:\/\/buyukcekmeceakademi.k12.tr\/wp-content\/uploads\/2025\/10\/web_01-1-1473x2048.png 1473w\" sizes=\"auto, (max-width: 1841px) 100vw, 1841px\" \/>\t\t\t\t\t\t\t\t\t\t\t\t\t\t\t\t\t\t\t\t\t\t\t\t<\/div>\n\t\t\t\t\t\t<\/div>\n\t\t\t\t<\/div>\n\t\t\t\t<div class=\"elementor-element elementor-element-8d704be elementor-widget elementor-widget-image\" data-id=\"8d704be\" data-element_type=\"widget\" data-widget_type=\"image.default\">\n\t\t\t\t<div class=\"elementor-widget-container\">\n\t\t\t\t\t\t\t<div class=\"elementor-image\">\n\t\t\t\t\t\t\t\t\t\t\t\t\t\t\t\t\t\t\t\t\t<img loading=\"lazy\" decoding=\"async\" width=\"1841\" height=\"2560\" src=\"https:\/\/buyukcekmeceakademi.k12.tr\/wp-content\/uploads\/2025\/10\/web_02-scaled.png\" class=\"attachment-full size-full wp-image-991286\" alt=\"\" srcset=\"https:\/\/buyukcekmeceakademi.k12.tr\/wp-content\/uploads\/2025\/10\/web_02-scaled.png 1841w, https:\/\/buyukcekmeceakademi.k12.tr\/wp-content\/uploads\/2025\/10\/web_02-216x300.png 216w, https:\/\/buyukcekmeceakademi.k12.tr\/wp-content\/uploads\/2025\/10\/web_02-737x1024.png 737w, https:\/\/buyukcekmeceakademi.k12.tr\/wp-content\/uploads\/2025\/10\/web_02-768x1068.png 768w, https:\/\/buyukcekmeceakademi.k12.tr\/wp-content\/uploads\/2025\/10\/web_02-1105x1536.png 1105w, https:\/\/buyukcekmeceakademi.k12.tr\/wp-content\/uploads\/2025\/10\/web_02-1473x2048.png 1473w\" sizes=\"auto, (max-width: 1841px) 100vw, 1841px\" \/>\t\t\t\t\t\t\t\t\t\t\t\t\t\t\t\t\t\t\t\t\t\t\t\t<\/div>\n\t\t\t\t\t\t<\/div>\n\t\t\t\t<\/div>\n\t\t\t\t<div class=\"elementor-element elementor-element-8ed4801 elementor-widget elementor-widget-image\" data-id=\"8ed4801\" data-element_type=\"widget\" data-widget_type=\"image.default\">\n\t\t\t\t<div class=\"elementor-widget-container\">\n\t\t\t\t\t\t\t<div class=\"elementor-image\">\n\t\t\t\t\t\t\t\t\t\t\t\t\t\t\t\t\t\t\t\t\t<img loading=\"lazy\" decoding=\"async\" width=\"1841\" height=\"2560\" src=\"https:\/\/buyukcekmeceakademi.k12.tr\/wp-content\/uploads\/2025\/10\/web_03-scaled.png\" class=\"attachment-full size-full wp-image-991287\" alt=\"\" srcset=\"https:\/\/buyukcekmeceakademi.k12.tr\/wp-content\/uploads\/2025\/10\/web_03-scaled.png 1841w, https:\/\/buyukcekmeceakademi.k12.tr\/wp-content\/uploads\/2025\/10\/web_03-216x300.png 216w, https:\/\/buyukcekmeceakademi.k12.tr\/wp-content\/uploads\/2025\/10\/web_03-737x1024.png 737w, https:\/\/buyukcekmeceakademi.k12.tr\/wp-content\/uploads\/2025\/10\/web_03-768x1068.png 768w, https:\/\/buyukcekmeceakademi.k12.tr\/wp-content\/uploads\/2025\/10\/web_03-1105x1536.png 1105w, https:\/\/buyukcekmeceakademi.k12.tr\/wp-content\/uploads\/2025\/10\/web_03-1473x2048.png 1473w\" sizes=\"auto, (max-width: 1841px) 100vw, 1841px\" \/>\t\t\t\t\t\t\t\t\t\t\t\t\t\t\t\t\t\t\t\t\t\t\t\t<\/div>\n\t\t\t\t\t\t<\/div>\n\t\t\t\t<\/div>\n\t\t\t\t<div class=\"elementor-element elementor-element-9b0c67c elementor-widget elementor-widget-image\" data-id=\"9b0c67c\" data-element_type=\"widget\" data-widget_type=\"image.default\">\n\t\t\t\t<div class=\"elementor-widget-container\">\n\t\t\t\t\t\t\t<div class=\"elementor-image\">\n\t\t\t\t\t\t\t\t\t\t\t\t\t\t\t\t\t\t\t\t\t<img loading=\"lazy\" decoding=\"async\" width=\"1841\" height=\"2560\" src=\"https:\/\/buyukcekmeceakademi.k12.tr\/wp-content\/uploads\/2025\/10\/web_04-scaled.png\" class=\"attachment-full size-full wp-image-991288\" alt=\"\" srcset=\"https:\/\/buyukcekmeceakademi.k12.tr\/wp-content\/uploads\/2025\/10\/web_04-scaled.png 1841w, https:\/\/buyukcekmeceakademi.k12.tr\/wp-content\/uploads\/2025\/10\/web_04-216x300.png 216w, https:\/\/buyukcekmeceakademi.k12.tr\/wp-content\/uploads\/2025\/10\/web_04-737x1024.png 737w, https:\/\/buyukcekmeceakademi.k12.tr\/wp-content\/uploads\/2025\/10\/web_04-768x1068.png 768w, https:\/\/buyukcekmeceakademi.k12.tr\/wp-content\/uploads\/2025\/10\/web_04-1105x1536.png 1105w, https:\/\/buyukcekmeceakademi.k12.tr\/wp-content\/uploads\/2025\/10\/web_04-1473x2048.png 1473w\" sizes=\"auto, (max-width: 1841px) 100vw, 1841px\" \/>\t\t\t\t\t\t\t\t\t\t\t\t\t\t\t\t\t\t\t\t\t\t\t\t<\/div>\n\t\t\t\t\t\t<\/div>\n\t\t\t\t<\/div>\n\t\t\t\t<div class=\"elementor-element elementor-element-5662467 elementor-widget elementor-widget-image\" data-id=\"5662467\" data-element_type=\"widget\" data-widget_type=\"image.default\">\n\t\t\t\t<div class=\"elementor-widget-container\">\n\t\t\t\t\t\t\t<div class=\"elementor-image\">\n\t\t\t\t\t\t\t\t\t\t\t\t\t\t\t\t\t\t\t\t\t<img loading=\"lazy\" decoding=\"async\" width=\"1841\" height=\"2560\" src=\"https:\/\/buyukcekmeceakademi.k12.tr\/wp-content\/uploads\/2025\/10\/web_05-scaled.png\" class=\"attachment-full size-full wp-image-991289\" alt=\"\" srcset=\"https:\/\/buyukcekmeceakademi.k12.tr\/wp-content\/uploads\/2025\/10\/web_05-scaled.png 1841w, https:\/\/buyukcekmeceakademi.k12.tr\/wp-content\/uploads\/2025\/10\/web_05-216x300.png 216w, https:\/\/buyukcekmeceakademi.k12.tr\/wp-content\/uploads\/2025\/10\/web_05-737x1024.png 737w, https:\/\/buyukcekmeceakademi.k12.tr\/wp-content\/uploads\/2025\/10\/web_05-768x1068.png 768w, https:\/\/buyukcekmeceakademi.k12.tr\/wp-content\/uploads\/2025\/10\/web_05-1105x1536.png 1105w, https:\/\/buyukcekmeceakademi.k12.tr\/wp-content\/uploads\/2025\/10\/web_05-1473x2048.png 1473w\" sizes=\"auto, (max-width: 1841px) 100vw, 1841px\" \/>\t\t\t\t\t\t\t\t\t\t\t\t\t\t\t\t\t\t\t\t\t\t\t\t<\/div>\n\t\t\t\t\t\t<\/div>\n\t\t\t\t<\/div>\n\t\t\t\t<div class=\"elementor-element elementor-element-b7e77b2 elementor-widget elementor-widget-image\" data-id=\"b7e77b2\" data-element_type=\"widget\" data-widget_type=\"image.default\">\n\t\t\t\t<div class=\"elementor-widget-container\">\n\t\t\t\t\t\t\t<div class=\"elementor-image\">\n\t\t\t\t\t\t\t\t\t\t\t\t\t\t\t\t\t\t\t\t\t<img loading=\"lazy\" decoding=\"async\" width=\"2306\" height=\"1917\" src=\"https:\/\/buyukcekmeceakademi.k12.tr\/wp-content\/uploads\/2025\/10\/web_06.png\" class=\"attachment-full size-full wp-image-991290\" alt=\"\" srcset=\"https:\/\/buyukcekmeceakademi.k12.tr\/wp-content\/uploads\/2025\/10\/web_06.png 2306w, https:\/\/buyukcekmeceakademi.k12.tr\/wp-content\/uploads\/2025\/10\/web_06-300x249.png 300w, https:\/\/buyukcekmeceakademi.k12.tr\/wp-content\/uploads\/2025\/10\/web_06-1024x851.png 1024w, https:\/\/buyukcekmeceakademi.k12.tr\/wp-content\/uploads\/2025\/10\/web_06-768x638.png 768w, https:\/\/buyukcekmeceakademi.k12.tr\/wp-content\/uploads\/2025\/10\/web_06-1536x1277.png 1536w, https:\/\/buyukcekmeceakademi.k12.tr\/wp-content\/uploads\/2025\/10\/web_06-2048x1703.png 2048w\" sizes=\"auto, (max-width: 2306px) 100vw, 2306px\" \/>\t\t\t\t\t\t\t\t\t\t\t\t\t\t\t\t\t\t\t\t\t\t\t\t<\/div>\n\t\t\t\t\t\t<\/div>\n\t\t\t\t<\/div>\n\t\t\t\t\t\t<\/div>\n\t\t\t\t\t<\/div>\n\t\t<\/div>\n\t\t\t\t\t\t\t\t<\/div>\n\t\t\t\t\t<\/div>\n\t\t<\/section>\n\t\t\t\t\t\t\t\t\t<\/div>\n\t\t\t<\/div>\n\t\t\t\t\t<\/div>\n\t\t","protected":false},"excerpt":{"rendered":"","protected":false},"author":1,"featured_media":0,"parent":0,"menu_order":0,"comment_status":"closed","ping_status":"closed","template":"","meta":{"footnotes":""},"class_list":["post-991282","page","type-page","status-publish","hentry"],"yoast_head":"<!-- This site is optimized with the Yoast SEO plugin v26.4 - https:\/\/yoast.com\/wordpress\/plugins\/seo\/ -->\n<title>Events Calendar - Akademi Koleji<\/title>\n<meta name=\"robots\" content=\"index, follow, max-snippet:-1, max-image-preview:large, max-video-preview:-1\" \/>\n<link rel=\"canonical\" href=\"https:\/\/buyukcekmeceakademi.k12.tr\/en\/events-calendar\/\" \/>\n<meta property=\"og:locale\" content=\"en_US\" \/>\n<meta property=\"og:type\" content=\"article\" \/>\n<meta property=\"og:title\" content=\"Events Calendar - Akademi Koleji\" \/>\n<meta property=\"og:url\" content=\"https:\/\/buyukcekmeceakademi.k12.tr\/en\/events-calendar\/\" \/>\n<meta property=\"og:site_name\" content=\"Akademi Koleji\" \/>\n<meta property=\"article:publisher\" content=\"https:\/\/www.facebook.com\/akademikolej\/\" \/>\n<meta property=\"article:modified_time\" content=\"2025-10-08T02:20:48+00:00\" \/>\n<meta property=\"og:image\" content=\"https:\/\/buyukcekmeceakademi.k12.tr\/wp-content\/uploads\/2025\/10\/web_01-1-scaled.png\" \/>\n\t<meta property=\"og:image:width\" content=\"1841\" \/>\n\t<meta property=\"og:image:height\" content=\"2560\" \/>\n\t<meta property=\"og:image:type\" content=\"image\/png\" \/>\n<meta name=\"twitter:card\" content=\"summary_large_image\" \/>\n<script type=\"application\/ld+json\" class=\"yoast-schema-graph\">{\"@context\":\"https:\/\/schema.org\",\"@graph\":[{\"@type\":\"WebPage\",\"@id\":\"https:\/\/buyukcekmeceakademi.k12.tr\/en\/events-calendar\/\",\"url\":\"https:\/\/buyukcekmeceakademi.k12.tr\/en\/events-calendar\/\",\"name\":\"Events Calendar - Akademi Koleji\",\"isPartOf\":{\"@id\":\"https:\/\/buyukcekmeceakademi.k12.tr\/en\/#website\"},\"primaryImageOfPage\":{\"@id\":\"https:\/\/buyukcekmeceakademi.k12.tr\/en\/events-calendar\/#primaryimage\"},\"image\":{\"@id\":\"https:\/\/buyukcekmeceakademi.k12.tr\/en\/events-calendar\/#primaryimage\"},\"thumbnailUrl\":\"https:\/\/buyukcekmeceakademi.k12.tr\/wp-content\/uploads\/2025\/10\/web_01-1-scaled.png\",\"datePublished\":\"2023-03-01T09:15:57+00:00\",\"dateModified\":\"2025-10-08T02:20:48+00:00\",\"breadcrumb\":{\"@id\":\"https:\/\/buyukcekmeceakademi.k12.tr\/en\/events-calendar\/#breadcrumb\"},\"inLanguage\":\"en-US\",\"potentialAction\":[{\"@type\":\"ReadAction\",\"target\":[\"https:\/\/buyukcekmeceakademi.k12.tr\/en\/events-calendar\/\"]}]},{\"@type\":\"ImageObject\",\"inLanguage\":\"en-US\",\"@id\":\"https:\/\/buyukcekmeceakademi.k12.tr\/en\/events-calendar\/#primaryimage\",\"url\":\"https:\/\/buyukcekmeceakademi.k12.tr\/wp-content\/uploads\/2025\/10\/web_01-1-scaled.png\",\"contentUrl\":\"https:\/\/buyukcekmeceakademi.k12.tr\/wp-content\/uploads\/2025\/10\/web_01-1-scaled.png\"},{\"@type\":\"BreadcrumbList\",\"@id\":\"https:\/\/buyukcekmeceakademi.k12.tr\/en\/events-calendar\/#breadcrumb\",\"itemListElement\":[{\"@type\":\"ListItem\",\"position\":1,\"name\":\"Home\",\"item\":\"https:\/\/buyukcekmeceakademi.k12.tr\/en\/\"},{\"@type\":\"ListItem\",\"position\":2,\"name\":\"Events Calendar\"}]},{\"@type\":\"WebSite\",\"@id\":\"https:\/\/buyukcekmeceakademi.k12.tr\/en\/#website\",\"url\":\"https:\/\/buyukcekmeceakademi.k12.tr\/en\/\",\"name\":\"Akademi Koleji\",\"description\":\"B\u00fcy\u00fck\u00e7ekmece Akademi \u00d6zel Okullar\u0131\",\"publisher\":{\"@id\":\"https:\/\/buyukcekmeceakademi.k12.tr\/en\/#organization\"},\"potentialAction\":[{\"@type\":\"SearchAction\",\"target\":{\"@type\":\"EntryPoint\",\"urlTemplate\":\"https:\/\/buyukcekmeceakademi.k12.tr\/en\/?s={search_term_string}\"},\"query-input\":{\"@type\":\"PropertyValueSpecification\",\"valueRequired\":true,\"valueName\":\"search_term_string\"}}],\"inLanguage\":\"en-US\"},{\"@type\":\"Organization\",\"@id\":\"https:\/\/buyukcekmeceakademi.k12.tr\/en\/#organization\",\"name\":\"Akademi Koleji\",\"url\":\"https:\/\/buyukcekmeceakademi.k12.tr\/en\/\",\"logo\":{\"@type\":\"ImageObject\",\"inLanguage\":\"en-US\",\"@id\":\"https:\/\/buyukcekmeceakademi.k12.tr\/en\/#\/schema\/logo\/image\/\",\"url\":\"https:\/\/buyukcekmeceakademi.k12.tr\/wp-content\/uploads\/2020\/02\/logo-1.png\",\"contentUrl\":\"https:\/\/buyukcekmeceakademi.k12.tr\/wp-content\/uploads\/2020\/02\/logo-1.png\",\"width\":1757,\"height\":553,\"caption\":\"Akademi Koleji\"},\"image\":{\"@id\":\"https:\/\/buyukcekmeceakademi.k12.tr\/en\/#\/schema\/logo\/image\/\"},\"sameAs\":[\"https:\/\/www.facebook.com\/akademikolej\/\",\"https:\/\/instagram.com\/buyukcekmeceakademiozelokullar\"]}]}<\/script>\n<!-- \/ Yoast SEO plugin. -->","yoast_head_json":{"title":"Events Calendar - Akademi Koleji","robots":{"index":"index","follow":"follow","max-snippet":"max-snippet:-1","max-image-preview":"max-image-preview:large","max-video-preview":"max-video-preview:-1"},"canonical":"https:\/\/buyukcekmeceakademi.k12.tr\/en\/events-calendar\/","og_locale":"en_US","og_type":"article","og_title":"Events Calendar - Akademi Koleji","og_url":"https:\/\/buyukcekmeceakademi.k12.tr\/en\/events-calendar\/","og_site_name":"Akademi Koleji","article_publisher":"https:\/\/www.facebook.com\/akademikolej\/","article_modified_time":"2025-10-08T02:20:48+00:00","og_image":[{"width":1841,"height":2560,"url":"https:\/\/buyukcekmeceakademi.k12.tr\/wp-content\/uploads\/2025\/10\/web_01-1-scaled.png","type":"image\/png"}],"twitter_card":"summary_large_image","schema":{"@context":"https:\/\/schema.org","@graph":[{"@type":"WebPage","@id":"https:\/\/buyukcekmeceakademi.k12.tr\/en\/events-calendar\/","url":"https:\/\/buyukcekmeceakademi.k12.tr\/en\/events-calendar\/","name":"Events Calendar - Akademi Koleji","isPartOf":{"@id":"https:\/\/buyukcekmeceakademi.k12.tr\/en\/#website"},"primaryImageOfPage":{"@id":"https:\/\/buyukcekmeceakademi.k12.tr\/en\/events-calendar\/#primaryimage"},"image":{"@id":"https:\/\/buyukcekmeceakademi.k12.tr\/en\/events-calendar\/#primaryimage"},"thumbnailUrl":"https:\/\/buyukcekmeceakademi.k12.tr\/wp-content\/uploads\/2025\/10\/web_01-1-scaled.png","datePublished":"2023-03-01T09:15:57+00:00","dateModified":"2025-10-08T02:20:48+00:00","breadcrumb":{"@id":"https:\/\/buyukcekmeceakademi.k12.tr\/en\/events-calendar\/#breadcrumb"},"inLanguage":"en-US","potentialAction":[{"@type":"ReadAction","target":["https:\/\/buyukcekmeceakademi.k12.tr\/en\/events-calendar\/"]}]},{"@type":"ImageObject","inLanguage":"en-US","@id":"https:\/\/buyukcekmeceakademi.k12.tr\/en\/events-calendar\/#primaryimage","url":"https:\/\/buyukcekmeceakademi.k12.tr\/wp-content\/uploads\/2025\/10\/web_01-1-scaled.png","contentUrl":"https:\/\/buyukcekmeceakademi.k12.tr\/wp-content\/uploads\/2025\/10\/web_01-1-scaled.png"},{"@type":"BreadcrumbList","@id":"https:\/\/buyukcekmeceakademi.k12.tr\/en\/events-calendar\/#breadcrumb","itemListElement":[{"@type":"ListItem","position":1,"name":"Home","item":"https:\/\/buyukcekmeceakademi.k12.tr\/en\/"},{"@type":"ListItem","position":2,"name":"Events Calendar"}]},{"@type":"WebSite","@id":"https:\/\/buyukcekmeceakademi.k12.tr\/en\/#website","url":"https:\/\/buyukcekmeceakademi.k12.tr\/en\/","name":"Akademi Koleji","description":"B\u00fcy\u00fck\u00e7ekmece Akademi \u00d6zel Okullar\u0131","publisher":{"@id":"https:\/\/buyukcekmeceakademi.k12.tr\/en\/#organization"},"potentialAction":[{"@type":"SearchAction","target":{"@type":"EntryPoint","urlTemplate":"https:\/\/buyukcekmeceakademi.k12.tr\/en\/?s={search_term_string}"},"query-input":{"@type":"PropertyValueSpecification","valueRequired":true,"valueName":"search_term_string"}}],"inLanguage":"en-US"},{"@type":"Organization","@id":"https:\/\/buyukcekmeceakademi.k12.tr\/en\/#organization","name":"Akademi Koleji","url":"https:\/\/buyukcekmeceakademi.k12.tr\/en\/","logo":{"@type":"ImageObject","inLanguage":"en-US","@id":"https:\/\/buyukcekmeceakademi.k12.tr\/en\/#\/schema\/logo\/image\/","url":"https:\/\/buyukcekmeceakademi.k12.tr\/wp-content\/uploads\/2020\/02\/logo-1.png","contentUrl":"https:\/\/buyukcekmeceakademi.k12.tr\/wp-content\/uploads\/2020\/02\/logo-1.png","width":1757,"height":553,"caption":"Akademi Koleji"},"image":{"@id":"https:\/\/buyukcekmeceakademi.k12.tr\/en\/#\/schema\/logo\/image\/"},"sameAs":["https:\/\/www.facebook.com\/akademikolej\/","https:\/\/instagram.com\/buyukcekmeceakademiozelokullar"]}]}},"_links":{"self":[{"href":"https:\/\/buyukcekmeceakademi.k12.tr\/en\/wp-json\/wp\/v2\/pages\/991282","targetHints":{"allow":["GET"]}}],"collection":[{"href":"https:\/\/buyukcekmeceakademi.k12.tr\/en\/wp-json\/wp\/v2\/pages"}],"about":[{"href":"https:\/\/buyukcekmeceakademi.k12.tr\/en\/wp-json\/wp\/v2\/types\/page"}],"author":[{"embeddable":true,"href":"https:\/\/buyukcekmeceakademi.k12.tr\/en\/wp-json\/wp\/v2\/users\/1"}],"replies":[{"embeddable":true,"href":"https:\/\/buyukcekmeceakademi.k12.tr\/en\/wp-json\/wp\/v2\/comments?post=991282"}],"version-history":[{"count":3,"href":"https:\/\/buyukcekmeceakademi.k12.tr\/en\/wp-json\/wp\/v2\/pages\/991282\/revisions"}],"predecessor-version":[{"id":991303,"href":"https:\/\/buyukcekmeceakademi.k12.tr\/en\/wp-json\/wp\/v2\/pages\/991282\/revisions\/991303"}],"wp:attachment":[{"href":"https:\/\/buyukcekmeceakademi.k12.tr\/en\/wp-json\/wp\/v2\/media?parent=991282"}],"curies":[{"name":"wp","href":"https:\/\/api.w.org\/{rel}","templated":true}]}}