{"id":991205,"date":"2023-02-19T23:42:12","date_gmt":"2023-02-19T20:42:12","guid":{"rendered":"https:\/\/buyukcekmeceakademi.k12.tr\/from-our-founders-representative\/"},"modified":"2025-10-23T22:52:49","modified_gmt":"2025-10-23T19:52:49","slug":"from-our-founders-representative","status":"publish","type":"page","link":"https:\/\/buyukcekmeceakademi.k12.tr\/en\/from-our-founders-representative\/","title":{"rendered":"Message from Our Founding Representative"},"content":{"rendered":"\t\t<div data-elementor-type=\"wp-page\" data-elementor-id=\"991205\" class=\"elementor elementor-991205 elementor-988411\">\n\t\t\t\t\t\t<div class=\"elementor-inner\">\n\t\t\t\t<div class=\"elementor-section-wrap\">\n\t\t\t\t\t\t\t\t\t<section class=\"elementor-section elementor-top-section elementor-element elementor-element-3c40c12 elementor-section-height-min-height elementor-section-boxed elementor-section-height-default elementor-section-items-middle\" data-id=\"3c40c12\" data-element_type=\"section\" data-settings=\"{&quot;background_background&quot;:&quot;classic&quot;,&quot;animation&quot;:&quot;none&quot;}\">\n\t\t\t\t\t\t\t<div class=\"elementor-background-overlay\"><\/div>\n\t\t\t\t\t\t\t<div class=\"elementor-container elementor-column-gap-default\">\n\t\t\t\t\t\t\t<div class=\"elementor-row\">\n\t\t\t\t\t<div class=\"elementor-column elementor-col-100 elementor-top-column elementor-element elementor-element-1bb13b64\" data-id=\"1bb13b64\" data-element_type=\"column\" data-settings=\"{&quot;background_background&quot;:&quot;classic&quot;}\">\n\t\t\t<div class=\"elementor-column-wrap\">\n\t\t\t\t\t\t\t<div class=\"elementor-widget-wrap\">\n\t\t\t\t\t\t\t\t<\/div>\n\t\t\t\t\t<\/div>\n\t\t<\/div>\n\t\t\t\t\t\t\t\t<\/div>\n\t\t\t\t\t<\/div>\n\t\t<\/section>\n\t\t\t\t<section class=\"elementor-section elementor-top-section elementor-element elementor-element-38fedf7 elementor-section-boxed elementor-section-height-default elementor-section-height-default\" data-id=\"38fedf7\" data-element_type=\"section\">\n\t\t\t\t\t\t<div class=\"elementor-container elementor-column-gap-default\">\n\t\t\t\t\t\t\t<div class=\"elementor-row\">\n\t\t\t\t\t<div class=\"elementor-column elementor-col-100 elementor-top-column elementor-element elementor-element-23db0c6\" data-id=\"23db0c6\" data-element_type=\"column\">\n\t\t\t<div class=\"elementor-column-wrap elementor-element-populated\">\n\t\t\t\t\t\t\t<div class=\"elementor-widget-wrap\">\n\t\t\t\t\t\t<div class=\"elementor-element elementor-element-433a7ce elementor-widget elementor-widget-heading\" data-id=\"433a7ce\" data-element_type=\"widget\" data-widget_type=\"heading.default\">\n\t\t\t\t<div class=\"elementor-widget-container\">\n\t\t\t<h1 class=\"elementor-heading-title elementor-size-default\">Message from Our Founding Representative<\/h1>\t\t<\/div>\n\t\t\t\t<\/div>\n\t\t\t\t<div class=\"elementor-element elementor-element-a25a9b7 elementor-widget elementor-widget-text-editor\" data-id=\"a25a9b7\" data-element_type=\"widget\" data-settings=\"{&quot;_animation&quot;:&quot;none&quot;,&quot;_animation_delay&quot;:300,&quot;_animation_tablet&quot;:&quot;none&quot;,&quot;_animation_mobile&quot;:&quot;none&quot;}\" data-widget_type=\"text-editor.default\">\n\t\t\t\t<div class=\"elementor-widget-container\">\n\t\t\t\t\t\t\t\t<div class=\"elementor-text-editor elementor-clearfix\">\n\t\t\t\t<p><span style=\"font-weight: 400;\">At the very beginning of our journey, we always aimed for what is good and beautiful. And now, we take great pride in having raised self-confident students filled with love for people and nature\u2014and in having achieved all the goals we once set.<\/span><\/p><p><span style=\"font-weight: 400;\">One of our greatest aspirations has been to raise students who, equipped with the knowledge and values they gain from their families and schools, grow into individuals who love their country and contribute positively to society. Throughout the years, our students\u2019 deep affection for their school has been the most important factor in achieving these goals.<\/span><\/p><p><span style=\"font-weight: 400;\">We have always taken great joy and pride in our students\u2019 accomplishments in science, the arts, and sports, as well as in their success in reaching their university goals.<\/span><\/p><p><span style=\"font-weight: 400;\">With our heartfelt commitment to education, we look to the future with hope. Embracing both our own cultural heritage and universal values, we continue forward on the enlightened path of the Great Atat\u00fcrk, guided by his determination and ideas.<\/span><\/p><p><span style=\"font-weight: 400;\">Individuals thrive in a society where they are met with love, support, and respect.<\/span><\/p><p><span style=\"font-weight: 400;\">We have always shared our achievements with love\u2014and this will never change.<\/span><\/p><p><b>Filiz AKSAKAL<\/b><b><br \/><\/b><span style=\"font-weight: 400;\">Founding Representative<\/span><\/p>\t\t\t\t\t<\/div>\n\t\t\t\t\t\t<\/div>\n\t\t\t\t<\/div>\n\t\t\t\t\t\t<\/div>\n\t\t\t\t\t<\/div>\n\t\t<\/div>\n\t\t\t\t\t\t\t\t<\/div>\n\t\t\t\t\t<\/div>\n\t\t<\/section>\n\t\t\t\t<section class=\"elementor-section elementor-top-section elementor-element elementor-element-cd22106 elementor-section-boxed elementor-section-height-default elementor-section-height-default\" data-id=\"cd22106\" data-element_type=\"section\" data-settings=\"{&quot;background_background&quot;:&quot;classic&quot;}\">\n\t\t\t\t\t\t<div class=\"elementor-container elementor-column-gap-default\">\n\t\t\t\t\t\t\t<div class=\"elementor-row\">\n\t\t\t\t\t<div class=\"elementor-column elementor-col-100 elementor-top-column elementor-element elementor-element-08b93dd elementor-invisible\" data-id=\"08b93dd\" data-element_type=\"column\" data-settings=\"{&quot;animation&quot;:&quot;fadeIn&quot;,&quot;animation_tablet&quot;:&quot;none&quot;,&quot;animation_mobile&quot;:&quot;none&quot;,&quot;animation_delay&quot;:200}\">\n\t\t\t<div class=\"elementor-column-wrap\">\n\t\t\t\t\t\t\t<div class=\"elementor-widget-wrap\">\n\t\t\t\t\t\t\t\t<\/div>\n\t\t\t\t\t<\/div>\n\t\t<\/div>\n\t\t\t\t\t\t\t\t<\/div>\n\t\t\t\t\t<\/div>\n\t\t<\/section>\n\t\t\t\t\t\t\t\t\t<\/div>\n\t\t\t<\/div>\n\t\t\t\t\t<\/div>\n\t\t","protected":false},"excerpt":{"rendered":"<p>Message from Our Founding Representative At the very beginning of our journey, we always aimed for what is good and beautiful. And now, we take great pride in having raised self-confident students filled with love for people and nature\u2014and in having achieved all the goals we once set. One of our greatest aspirations has been&#8230;<\/p>\n","protected":false},"author":1,"featured_media":0,"parent":0,"menu_order":0,"comment_status":"closed","ping_status":"closed","template":"","meta":{"footnotes":""},"class_list":["post-991205","page","type-page","status-publish","hentry"],"yoast_head":"<!-- This site is optimized with the Yoast SEO plugin v26.4 - https:\/\/yoast.com\/wordpress\/plugins\/seo\/ -->\n<title>Message from Our Founding Representative - Akademi Koleji<\/title>\n<meta name=\"robots\" content=\"index, follow, max-snippet:-1, max-image-preview:large, max-video-preview:-1\" \/>\n<link rel=\"canonical\" href=\"https:\/\/buyukcekmeceakademi.k12.tr\/en\/from-our-founders-representative\/\" \/>\n<meta property=\"og:locale\" content=\"en_US\" \/>\n<meta property=\"og:type\" content=\"article\" \/>\n<meta property=\"og:title\" content=\"Message from Our Founding Representative - Akademi Koleji\" \/>\n<meta property=\"og:description\" content=\"Message from Our Founding Representative At the very beginning of our journey, we always aimed for what is good and beautiful. And now, we take great pride in having raised self-confident students filled with love for people and nature\u2014and in having achieved all the goals we once set. One of our greatest aspirations has been...\" \/>\n<meta property=\"og:url\" content=\"https:\/\/buyukcekmeceakademi.k12.tr\/en\/from-our-founders-representative\/\" \/>\n<meta property=\"og:site_name\" content=\"Akademi Koleji\" \/>\n<meta property=\"article:publisher\" content=\"https:\/\/www.facebook.com\/akademikolej\/\" \/>\n<meta property=\"article:modified_time\" content=\"2025-10-23T19:52:49+00:00\" \/>\n<meta name=\"twitter:card\" content=\"summary_large_image\" \/>\n<meta name=\"twitter:label1\" content=\"Est. reading time\" \/>\n\t<meta name=\"twitter:data1\" content=\"1 minute\" \/>\n<script type=\"application\/ld+json\" class=\"yoast-schema-graph\">{\"@context\":\"https:\/\/schema.org\",\"@graph\":[{\"@type\":\"WebPage\",\"@id\":\"https:\/\/buyukcekmeceakademi.k12.tr\/en\/from-our-founders-representative\/\",\"url\":\"https:\/\/buyukcekmeceakademi.k12.tr\/en\/from-our-founders-representative\/\",\"name\":\"Message from Our Founding Representative - Akademi Koleji\",\"isPartOf\":{\"@id\":\"https:\/\/buyukcekmeceakademi.k12.tr\/en\/#website\"},\"datePublished\":\"2023-02-19T20:42:12+00:00\",\"dateModified\":\"2025-10-23T19:52:49+00:00\",\"breadcrumb\":{\"@id\":\"https:\/\/buyukcekmeceakademi.k12.tr\/en\/from-our-founders-representative\/#breadcrumb\"},\"inLanguage\":\"en-US\",\"potentialAction\":[{\"@type\":\"ReadAction\",\"target\":[\"https:\/\/buyukcekmeceakademi.k12.tr\/en\/from-our-founders-representative\/\"]}]},{\"@type\":\"BreadcrumbList\",\"@id\":\"https:\/\/buyukcekmeceakademi.k12.tr\/en\/from-our-founders-representative\/#breadcrumb\",\"itemListElement\":[{\"@type\":\"ListItem\",\"position\":1,\"name\":\"Home\",\"item\":\"https:\/\/buyukcekmeceakademi.k12.tr\/en\/\"},{\"@type\":\"ListItem\",\"position\":2,\"name\":\"Message from Our Founding Representative\"}]},{\"@type\":\"WebSite\",\"@id\":\"https:\/\/buyukcekmeceakademi.k12.tr\/en\/#website\",\"url\":\"https:\/\/buyukcekmeceakademi.k12.tr\/en\/\",\"name\":\"Akademi Koleji\",\"description\":\"B\u00fcy\u00fck\u00e7ekmece Akademi \u00d6zel Okullar\u0131\",\"publisher\":{\"@id\":\"https:\/\/buyukcekmeceakademi.k12.tr\/en\/#organization\"},\"potentialAction\":[{\"@type\":\"SearchAction\",\"target\":{\"@type\":\"EntryPoint\",\"urlTemplate\":\"https:\/\/buyukcekmeceakademi.k12.tr\/en\/?s={search_term_string}\"},\"query-input\":{\"@type\":\"PropertyValueSpecification\",\"valueRequired\":true,\"valueName\":\"search_term_string\"}}],\"inLanguage\":\"en-US\"},{\"@type\":\"Organization\",\"@id\":\"https:\/\/buyukcekmeceakademi.k12.tr\/en\/#organization\",\"name\":\"Akademi Koleji\",\"url\":\"https:\/\/buyukcekmeceakademi.k12.tr\/en\/\",\"logo\":{\"@type\":\"ImageObject\",\"inLanguage\":\"en-US\",\"@id\":\"https:\/\/buyukcekmeceakademi.k12.tr\/en\/#\/schema\/logo\/image\/\",\"url\":\"https:\/\/buyukcekmeceakademi.k12.tr\/wp-content\/uploads\/2020\/02\/logo-1.png\",\"contentUrl\":\"https:\/\/buyukcekmeceakademi.k12.tr\/wp-content\/uploads\/2020\/02\/logo-1.png\",\"width\":1757,\"height\":553,\"caption\":\"Akademi Koleji\"},\"image\":{\"@id\":\"https:\/\/buyukcekmeceakademi.k12.tr\/en\/#\/schema\/logo\/image\/\"},\"sameAs\":[\"https:\/\/www.facebook.com\/akademikolej\/\",\"https:\/\/instagram.com\/buyukcekmeceakademiozelokullar\"]}]}<\/script>\n<!-- \/ Yoast SEO plugin. -->","yoast_head_json":{"title":"Message from Our Founding Representative - Akademi Koleji","robots":{"index":"index","follow":"follow","max-snippet":"max-snippet:-1","max-image-preview":"max-image-preview:large","max-video-preview":"max-video-preview:-1"},"canonical":"https:\/\/buyukcekmeceakademi.k12.tr\/en\/from-our-founders-representative\/","og_locale":"en_US","og_type":"article","og_title":"Message from Our Founding Representative - Akademi Koleji","og_description":"Message from Our Founding Representative At the very beginning of our journey, we always aimed for what is good and beautiful. And now, we take great pride in having raised self-confident students filled with love for people and nature\u2014and in having achieved all the goals we once set. One of our greatest aspirations has been...","og_url":"https:\/\/buyukcekmeceakademi.k12.tr\/en\/from-our-founders-representative\/","og_site_name":"Akademi Koleji","article_publisher":"https:\/\/www.facebook.com\/akademikolej\/","article_modified_time":"2025-10-23T19:52:49+00:00","twitter_card":"summary_large_image","twitter_misc":{"Est. reading time":"1 minute"},"schema":{"@context":"https:\/\/schema.org","@graph":[{"@type":"WebPage","@id":"https:\/\/buyukcekmeceakademi.k12.tr\/en\/from-our-founders-representative\/","url":"https:\/\/buyukcekmeceakademi.k12.tr\/en\/from-our-founders-representative\/","name":"Message from Our Founding Representative - Akademi Koleji","isPartOf":{"@id":"https:\/\/buyukcekmeceakademi.k12.tr\/en\/#website"},"datePublished":"2023-02-19T20:42:12+00:00","dateModified":"2025-10-23T19:52:49+00:00","breadcrumb":{"@id":"https:\/\/buyukcekmeceakademi.k12.tr\/en\/from-our-founders-representative\/#breadcrumb"},"inLanguage":"en-US","potentialAction":[{"@type":"ReadAction","target":["https:\/\/buyukcekmeceakademi.k12.tr\/en\/from-our-founders-representative\/"]}]},{"@type":"BreadcrumbList","@id":"https:\/\/buyukcekmeceakademi.k12.tr\/en\/from-our-founders-representative\/#breadcrumb","itemListElement":[{"@type":"ListItem","position":1,"name":"Home","item":"https:\/\/buyukcekmeceakademi.k12.tr\/en\/"},{"@type":"ListItem","position":2,"name":"Message from Our Founding Representative"}]},{"@type":"WebSite","@id":"https:\/\/buyukcekmeceakademi.k12.tr\/en\/#website","url":"https:\/\/buyukcekmeceakademi.k12.tr\/en\/","name":"Akademi Koleji","description":"B\u00fcy\u00fck\u00e7ekmece Akademi \u00d6zel Okullar\u0131","publisher":{"@id":"https:\/\/buyukcekmeceakademi.k12.tr\/en\/#organization"},"potentialAction":[{"@type":"SearchAction","target":{"@type":"EntryPoint","urlTemplate":"https:\/\/buyukcekmeceakademi.k12.tr\/en\/?s={search_term_string}"},"query-input":{"@type":"PropertyValueSpecification","valueRequired":true,"valueName":"search_term_string"}}],"inLanguage":"en-US"},{"@type":"Organization","@id":"https:\/\/buyukcekmeceakademi.k12.tr\/en\/#organization","name":"Akademi Koleji","url":"https:\/\/buyukcekmeceakademi.k12.tr\/en\/","logo":{"@type":"ImageObject","inLanguage":"en-US","@id":"https:\/\/buyukcekmeceakademi.k12.tr\/en\/#\/schema\/logo\/image\/","url":"https:\/\/buyukcekmeceakademi.k12.tr\/wp-content\/uploads\/2020\/02\/logo-1.png","contentUrl":"https:\/\/buyukcekmeceakademi.k12.tr\/wp-content\/uploads\/2020\/02\/logo-1.png","width":1757,"height":553,"caption":"Akademi Koleji"},"image":{"@id":"https:\/\/buyukcekmeceakademi.k12.tr\/en\/#\/schema\/logo\/image\/"},"sameAs":["https:\/\/www.facebook.com\/akademikolej\/","https:\/\/instagram.com\/buyukcekmeceakademiozelokullar"]}]}},"_links":{"self":[{"href":"https:\/\/buyukcekmeceakademi.k12.tr\/en\/wp-json\/wp\/v2\/pages\/991205","targetHints":{"allow":["GET"]}}],"collection":[{"href":"https:\/\/buyukcekmeceakademi.k12.tr\/en\/wp-json\/wp\/v2\/pages"}],"about":[{"href":"https:\/\/buyukcekmeceakademi.k12.tr\/en\/wp-json\/wp\/v2\/types\/page"}],"author":[{"embeddable":true,"href":"https:\/\/buyukcekmeceakademi.k12.tr\/en\/wp-json\/wp\/v2\/users\/1"}],"replies":[{"embeddable":true,"href":"https:\/\/buyukcekmeceakademi.k12.tr\/en\/wp-json\/wp\/v2\/comments?post=991205"}],"version-history":[{"count":5,"href":"https:\/\/buyukcekmeceakademi.k12.tr\/en\/wp-json\/wp\/v2\/pages\/991205\/revisions"}],"predecessor-version":[{"id":992287,"href":"https:\/\/buyukcekmeceakademi.k12.tr\/en\/wp-json\/wp\/v2\/pages\/991205\/revisions\/992287"}],"wp:attachment":[{"href":"https:\/\/buyukcekmeceakademi.k12.tr\/en\/wp-json\/wp\/v2\/media?parent=991205"}],"curies":[{"name":"wp","href":"https:\/\/api.w.org\/{rel}","templated":true}]}}